{"id":30019,"date":"2024-09-08T16:19:22","date_gmt":"2024-09-08T15:19:22","guid":{"rendered":"https:\/\/tay-sir.com\/produit\/samsung-a35-8-128\/"},"modified":"2024-12-09T16:11:27","modified_gmt":"2024-12-09T15:11:27","slug":"samsung-a35-8-128","status":"publish","type":"product","link":"https:\/\/tay-sir.com\/ar\/product\/samsung-a35-8-128\/","title":{"rendered":"Samsung A35 8\/128"},"content":{"rendered":"<p><strong>Marque<\/strong> : Samsung<br \/>\n<strong>T\u00e9l\u00e9phone Portable<\/strong> : Samsung Galaxy A35 8\/128 GB<br \/>\n<strong>R\u00e9f\u00e9rence<\/strong> : N\/A<br \/>\n<strong>Dimension (L x H x P)<\/strong> : 7,8 x 16,17 x 0,82 cm<br \/>\n<strong>Poids<\/strong> : 209 g<br \/>\n<strong>Type carte SIM<\/strong> : Nano SIM<br \/>\n<strong>Double Puce (SIM)<\/strong> : Oui (slot hybride)<br \/>\n<strong>\u00c9tanche<\/strong> : Non<\/p>\n<p><strong>Type \u00c9cran<\/strong> : Super AMOLED, 120Hz, HDR10+<br \/>\n<strong>Taille \u00c9cran<\/strong> : 6,5 pouces<br \/>\n<strong>R\u00e9solution \u00c9cran<\/strong> : 2340 x 1080 px (FHD+), 390 PPI<br \/>\n<strong>Protection \u00c9cran<\/strong> : Gorilla Glass Victus<\/p>\n<p><strong>Syst\u00e8me<\/strong> : Android 14, One UI<br \/>\n<strong>Chipset<\/strong> : Exynos 1380 (5 nm)<br \/>\n<strong>Processeur (CPU)<\/strong> : Octa-core (4x 2.4 GHz Cortex-A78 &amp; 4x 2.0 GHz Cortex-A55)<br \/>\n<strong>Puce Graphique (GPU)<\/strong> : Mali-G68 MP5<br \/>\n<strong>Capteurs<\/strong> :<\/p>\n<ul>\n<li>Lecteur d\u2019empreintes (c\u00f4t\u00e9)<\/li>\n<li>Acc\u00e9l\u00e9rom\u00e8tre<\/li>\n<li>Gyroscope<\/li>\n<li>Proximit\u00e9<\/li>\n<li>Boussole<\/li>\n<\/ul>\n<p><strong>M\u00e9moire Vive (RAM)<\/strong> : 8 GO<br \/>\n<strong>Support cartes m\u00e9moire<\/strong> : microSDXC jusqu&rsquo;\u00e0 1 To (slot hybride)<br \/>\n<strong>M\u00e9moire stockage (Disque)<\/strong> : 128 GO<\/p>\n<p><strong>Appareil Photo Arri\u00e8re<\/strong> : Triple capteur<\/p>\n<ul>\n<li>50 MP, f\/1.8 (large), PDAF, OIS<\/li>\n<li>8 MP, f\/2.2 (ultra grand-angle), 123\u00b0<\/li>\n<li>5 MP, f\/2.4 (macro)<\/li>\n<li>Vid\u00e9o : 4K@30fps, 1080p@60fps<\/li>\n<li>Flash LED<\/li>\n<\/ul>\n<p><strong>Appareil Photo Selfie<\/strong> :<\/p>\n<ul>\n<li>13 MP, f\/2.2 (large)<\/li>\n<li>Vid\u00e9o : 4K@30fps<\/li>\n<\/ul>\n<p><strong>Type r\u00e9seau<\/strong> : 5G\/4G LTE\/3G\/2G<br \/>\n<strong>Wi-Fi<\/strong> : Wi-Fi 802.11 a\/b\/g\/n\/ac\/ax (Wi-Fi 6), dual-band<br \/>\n<strong>USB<\/strong> : USB Type-C 2.0<br \/>\n<strong>Bluetooth<\/strong> : 5.3<br \/>\n<strong>Infrarouge<\/strong> : Non<br \/>\n<strong>GPS<\/strong> : A-GPS, GLONASS, GALILEO, BDS<br \/>\n<strong>NFC<\/strong> : Non<br \/>\n<strong>Prise Jack<\/strong> : USB-C (pas de prise jack classique)<br \/>\n<strong>Radio FM<\/strong> : Non<\/p>\n<p><strong>Batterie<\/strong> : 5000 mAh, non amovible<br \/>\n<strong>Charge<\/strong> : 25W filaire<\/p>","protected":false},"excerpt":{"rendered":"<p>Marque : Samsung T\u00e9l\u00e9phone Portable : Samsung Galaxy A35 8\/128 GB R\u00e9f\u00e9rence : N\/A Dimension (L x H x P)<\/p>","protected":false},"featured_media":30356,"comment_status":"open","ping_status":"closed","template":"","meta":[],"product_brand":[],"product_cat":[29],"product_tag":[],"class_list":{"0":"post-30019","1":"product","2":"type-product","3":"status-publish","4":"has-post-thumbnail","6":"product_cat-telephone","8":"first","9":"instock","10":"shipping-taxable","11":"purchasable","12":"product-type-variable"},"yoast_head":"<!-- This site is optimized with the Yoast SEO plugin v24.9 - https:\/\/yoast.com\/wordpress\/plugins\/seo\/ -->\n<title>Samsung A35 8\/128 - Maslak<\/title>\n<meta name=\"robots\" content=\"index, follow, max-snippet:-1, max-image-preview:large, max-video-preview:-1\" \/>\n<link rel=\"canonical\" href=\"https:\/\/tay-sir.com\/ar\/product\/samsung-a35-8-128\/\" \/>\n<meta property=\"og:locale\" content=\"ar_AR\" \/>\n<meta property=\"og:type\" content=\"article\" \/>\n<meta property=\"og:title\" content=\"Samsung A35 8\/128 - Maslak\" \/>\n<meta property=\"og:description\" content=\"Marque : Samsung T\u00e9l\u00e9phone Portable : Samsung Galaxy A35 8\/128 GB R\u00e9f\u00e9rence : N\/A Dimension (L x H x P)\" \/>\n<meta property=\"og:url\" content=\"https:\/\/tay-sir.com\/ar\/product\/samsung-a35-8-128\/\" \/>\n<meta property=\"og:site_name\" content=\"Maslak\" \/>\n<meta property=\"article:publisher\" content=\"https:\/\/www.facebook.com\/profile.php?id=61566201523117\" \/>\n<meta property=\"article:modified_time\" content=\"2024-12-09T15:11:27+00:00\" \/>\n<meta property=\"og:image\" content=\"https:\/\/tay-sir.com\/wp-content\/uploads\/2024\/09\/Samsung-A35.jpg\" \/>\n\t<meta property=\"og:image:width\" content=\"400\" \/>\n\t<meta property=\"og:image:height\" content=\"400\" \/>\n\t<meta property=\"og:image:type\" content=\"image\/jpeg\" \/>\n<meta name=\"twitter:card\" content=\"summary_large_image\" \/>\n<meta name=\"twitter:label1\" content=\"\u0648\u0642\u062a \u0627\u0644\u0642\u0631\u0627\u0621\u0629 \u0627\u0644\u0645\u064f\u0642\u062f\u0651\u0631\" \/>\n\t<meta name=\"twitter:data1\" content=\"\u062f\u0642\u064a\u0642\u062a\u0627\u0646\" \/>\n<script type=\"application\/ld+json\" class=\"yoast-schema-graph\">{\"@context\":\"https:\/\/schema.org\",\"@graph\":[{\"@type\":\"WebPage\",\"@id\":\"https:\/\/tay-sir.com\/produit\/samsung-a35-8-128\/\",\"url\":\"https:\/\/tay-sir.com\/produit\/samsung-a35-8-128\/\",\"name\":\"Samsung A35 8\/128 - Maslak\",\"isPartOf\":{\"@id\":\"https:\/\/tay-sir.com\/ar\/#website\"},\"primaryImageOfPage\":{\"@id\":\"https:\/\/tay-sir.com\/produit\/samsung-a35-8-128\/#primaryimage\"},\"image\":{\"@id\":\"https:\/\/tay-sir.com\/produit\/samsung-a35-8-128\/#primaryimage\"},\"thumbnailUrl\":\"https:\/\/tay-sir.com\/wp-content\/uploads\/2024\/09\/Samsung-A35.jpg\",\"datePublished\":\"2024-09-08T15:19:22+00:00\",\"dateModified\":\"2024-12-09T15:11:27+00:00\",\"breadcrumb\":{\"@id\":\"https:\/\/tay-sir.com\/produit\/samsung-a35-8-128\/#breadcrumb\"},\"inLanguage\":\"ar\",\"potentialAction\":[{\"@type\":\"ReadAction\",\"target\":[\"https:\/\/tay-sir.com\/produit\/samsung-a35-8-128\/\"]}]},{\"@type\":\"ImageObject\",\"inLanguage\":\"ar\",\"@id\":\"https:\/\/tay-sir.com\/produit\/samsung-a35-8-128\/#primaryimage\",\"url\":\"https:\/\/tay-sir.com\/wp-content\/uploads\/2024\/09\/Samsung-A35.jpg\",\"contentUrl\":\"https:\/\/tay-sir.com\/wp-content\/uploads\/2024\/09\/Samsung-A35.jpg\",\"width\":400,\"height\":400},{\"@type\":\"BreadcrumbList\",\"@id\":\"https:\/\/tay-sir.com\/produit\/samsung-a35-8-128\/#breadcrumb\",\"itemListElement\":[{\"@type\":\"ListItem\",\"position\":1,\"name\":\"Home\",\"item\":\"https:\/\/tay-sir.com\/ar\/\"},{\"@type\":\"ListItem\",\"position\":2,\"name\":\"Boutique\",\"item\":\"https:\/\/tay-sir.com\/boutique\/\"},{\"@type\":\"ListItem\",\"position\":3,\"name\":\"Samsung A35 8\/128\"}]},{\"@type\":\"WebSite\",\"@id\":\"https:\/\/tay-sir.com\/ar\/#website\",\"url\":\"https:\/\/tay-sir.com\/ar\/\",\"name\":\"TAY-SIR.com\",\"description\":\"plateforme e-commerce avec financement islamique digital en ligne\",\"publisher\":{\"@id\":\"https:\/\/tay-sir.com\/ar\/#organization\"},\"potentialAction\":[{\"@type\":\"SearchAction\",\"target\":{\"@type\":\"EntryPoint\",\"urlTemplate\":\"https:\/\/tay-sir.com\/ar\/?s={search_term_string}\"},\"query-input\":{\"@type\":\"PropertyValueSpecification\",\"valueRequired\":true,\"valueName\":\"search_term_string\"}}],\"inLanguage\":\"ar\"},{\"@type\":\"Organization\",\"@id\":\"https:\/\/tay-sir.com\/ar\/#organization\",\"name\":\"Taysir\",\"url\":\"https:\/\/tay-sir.com\/ar\/\",\"logo\":{\"@type\":\"ImageObject\",\"inLanguage\":\"ar\",\"@id\":\"https:\/\/tay-sir.com\/ar\/#\/schema\/logo\/image\/\",\"url\":\"https:\/\/tay-sir.com\/wp-content\/uploads\/2024\/10\/profil.jpg\",\"contentUrl\":\"https:\/\/tay-sir.com\/wp-content\/uploads\/2024\/10\/profil.jpg\",\"width\":1024,\"height\":1024,\"caption\":\"Taysir\"},\"image\":{\"@id\":\"https:\/\/tay-sir.com\/ar\/#\/schema\/logo\/image\/\"},\"sameAs\":[\"https:\/\/www.facebook.com\/profile.php?id=61566201523117\",\"https:\/\/www.tiktok.com\/@taysir31000?fbclid=IwY2xjawFor1xleHRuA2FlbQIxMAABHQqa6Ko0Z_QFAZb-7Bltxo0G0y0YuIXxVxPenEAWDkGyOgZp7D3Bq1oJAA_aem_TiTB-X9kxzhzORQbwqQiYw\",\"https:\/\/www.instagram.com\/taysirfacilite\/\"]}]}<\/script>\n<!-- \/ Yoast SEO plugin. -->","yoast_head_json":{"title":"Samsung A35 8\/128 - Maslak","robots":{"index":"index","follow":"follow","max-snippet":"max-snippet:-1","max-image-preview":"max-image-preview:large","max-video-preview":"max-video-preview:-1"},"canonical":"https:\/\/tay-sir.com\/ar\/product\/samsung-a35-8-128\/","og_locale":"ar_AR","og_type":"article","og_title":"Samsung A35 8\/128 - Maslak","og_description":"Marque : Samsung T\u00e9l\u00e9phone Portable : Samsung Galaxy A35 8\/128 GB R\u00e9f\u00e9rence : N\/A Dimension (L x H x P)","og_url":"https:\/\/tay-sir.com\/ar\/product\/samsung-a35-8-128\/","og_site_name":"Maslak","article_publisher":"https:\/\/www.facebook.com\/profile.php?id=61566201523117","article_modified_time":"2024-12-09T15:11:27+00:00","og_image":[{"width":400,"height":400,"url":"https:\/\/tay-sir.com\/wp-content\/uploads\/2024\/09\/Samsung-A35.jpg","type":"image\/jpeg"}],"twitter_card":"summary_large_image","twitter_misc":{"\u0648\u0642\u062a \u0627\u0644\u0642\u0631\u0627\u0621\u0629 \u0627\u0644\u0645\u064f\u0642\u062f\u0651\u0631":"\u062f\u0642\u064a\u0642\u062a\u0627\u0646"},"schema":{"@context":"https:\/\/schema.org","@graph":[{"@type":"WebPage","@id":"https:\/\/tay-sir.com\/produit\/samsung-a35-8-128\/","url":"https:\/\/tay-sir.com\/produit\/samsung-a35-8-128\/","name":"Samsung A35 8\/128 - Maslak","isPartOf":{"@id":"https:\/\/tay-sir.com\/ar\/#website"},"primaryImageOfPage":{"@id":"https:\/\/tay-sir.com\/produit\/samsung-a35-8-128\/#primaryimage"},"image":{"@id":"https:\/\/tay-sir.com\/produit\/samsung-a35-8-128\/#primaryimage"},"thumbnailUrl":"https:\/\/tay-sir.com\/wp-content\/uploads\/2024\/09\/Samsung-A35.jpg","datePublished":"2024-09-08T15:19:22+00:00","dateModified":"2024-12-09T15:11:27+00:00","breadcrumb":{"@id":"https:\/\/tay-sir.com\/produit\/samsung-a35-8-128\/#breadcrumb"},"inLanguage":"ar","potentialAction":[{"@type":"ReadAction","target":["https:\/\/tay-sir.com\/produit\/samsung-a35-8-128\/"]}]},{"@type":"ImageObject","inLanguage":"ar","@id":"https:\/\/tay-sir.com\/produit\/samsung-a35-8-128\/#primaryimage","url":"https:\/\/tay-sir.com\/wp-content\/uploads\/2024\/09\/Samsung-A35.jpg","contentUrl":"https:\/\/tay-sir.com\/wp-content\/uploads\/2024\/09\/Samsung-A35.jpg","width":400,"height":400},{"@type":"BreadcrumbList","@id":"https:\/\/tay-sir.com\/produit\/samsung-a35-8-128\/#breadcrumb","itemListElement":[{"@type":"ListItem","position":1,"name":"Home","item":"https:\/\/tay-sir.com\/ar\/"},{"@type":"ListItem","position":2,"name":"Boutique","item":"https:\/\/tay-sir.com\/boutique\/"},{"@type":"ListItem","position":3,"name":"Samsung A35 8\/128"}]},{"@type":"WebSite","@id":"https:\/\/tay-sir.com\/ar\/#website","url":"https:\/\/tay-sir.com\/ar\/","name":"TAY-SIR.com","description":"plateforme e-commerce avec financement islamique digital en ligne","publisher":{"@id":"https:\/\/tay-sir.com\/ar\/#organization"},"potentialAction":[{"@type":"SearchAction","target":{"@type":"EntryPoint","urlTemplate":"https:\/\/tay-sir.com\/ar\/?s={search_term_string}"},"query-input":{"@type":"PropertyValueSpecification","valueRequired":true,"valueName":"search_term_string"}}],"inLanguage":"ar"},{"@type":"Organization","@id":"https:\/\/tay-sir.com\/ar\/#organization","name":"Taysir","url":"https:\/\/tay-sir.com\/ar\/","logo":{"@type":"ImageObject","inLanguage":"ar","@id":"https:\/\/tay-sir.com\/ar\/#\/schema\/logo\/image\/","url":"https:\/\/tay-sir.com\/wp-content\/uploads\/2024\/10\/profil.jpg","contentUrl":"https:\/\/tay-sir.com\/wp-content\/uploads\/2024\/10\/profil.jpg","width":1024,"height":1024,"caption":"Taysir"},"image":{"@id":"https:\/\/tay-sir.com\/ar\/#\/schema\/logo\/image\/"},"sameAs":["https:\/\/www.facebook.com\/profile.php?id=61566201523117","https:\/\/www.tiktok.com\/@taysir31000?fbclid=IwY2xjawFor1xleHRuA2FlbQIxMAABHQqa6Ko0Z_QFAZb-7Bltxo0G0y0YuIXxVxPenEAWDkGyOgZp7D3Bq1oJAA_aem_TiTB-X9kxzhzORQbwqQiYw","https:\/\/www.instagram.com\/taysirfacilite\/"]}]}},"_links":{"self":[{"href":"https:\/\/tay-sir.com\/ar\/wp-json\/wp\/v2\/product\/30019","targetHints":{"allow":["GET"]}}],"collection":[{"href":"https:\/\/tay-sir.com\/ar\/wp-json\/wp\/v2\/product"}],"about":[{"href":"https:\/\/tay-sir.com\/ar\/wp-json\/wp\/v2\/types\/product"}],"replies":[{"embeddable":true,"href":"https:\/\/tay-sir.com\/ar\/wp-json\/wp\/v2\/comments?post=30019"}],"version-history":[{"count":3,"href":"https:\/\/tay-sir.com\/ar\/wp-json\/wp\/v2\/product\/30019\/revisions"}],"predecessor-version":[{"id":33293,"href":"https:\/\/tay-sir.com\/ar\/wp-json\/wp\/v2\/product\/30019\/revisions\/33293"}],"wp:featuredmedia":[{"embeddable":true,"href":"https:\/\/tay-sir.com\/ar\/wp-json\/wp\/v2\/media\/30356"}],"wp:attachment":[{"href":"https:\/\/tay-sir.com\/ar\/wp-json\/wp\/v2\/media?parent=30019"}],"wp:term":[{"taxonomy":"product_brand","embeddable":true,"href":"https:\/\/tay-sir.com\/ar\/wp-json\/wp\/v2\/product_brand?post=30019"},{"taxonomy":"product_cat","embeddable":true,"href":"https:\/\/tay-sir.com\/ar\/wp-json\/wp\/v2\/product_cat?post=30019"},{"taxonomy":"product_tag","embeddable":true,"href":"https:\/\/tay-sir.com\/ar\/wp-json\/wp\/v2\/product_tag?post=30019"}],"curies":[{"name":"wp","href":"https:\/\/api.w.org\/{rel}","templated":true}]}}