{"id":32801,"date":"2024-11-06T15:15:20","date_gmt":"2024-11-06T14:15:20","guid":{"rendered":"https:\/\/tay-sir.com\/?post_type=product&#038;p=32801"},"modified":"2024-11-06T15:15:23","modified_gmt":"2024-11-06T14:15:23","slug":"lenovo-idea-pad-3-15itl6","status":"publish","type":"product","link":"https:\/\/tay-sir.com\/ar\/product\/lenovo-idea-pad-3-15itl6\/","title":{"rendered":"Lenovo Idea Pad 3 15ITL6"},"content":{"rendered":"<div class=\"flex-1 overflow-hidden\">\n<div class=\"h-full\">\n<div class=\"react-scroll-to-bottom--css-uqnzl-79elbk h-full\">\n<div class=\"react-scroll-to-bottom--css-uqnzl-1n7m0yu\">\n<div class=\"flex flex-col text-sm md:pb-9\">\n<article class=\"w-full text-token-text-primary focus-visible:outline-2 focus-visible:outline-offset-[-4px]\" dir=\"auto\" data-testid=\"conversation-turn-3\" data-scroll-anchor=\"true\">\n<div class=\"m-auto text-base py-[18px] px-3 md:px-4 w-full md:px-5 lg:px-4 xl:px-5\">\n<div class=\"mx-auto flex flex-1 gap-4 text-base md:gap-5 lg:gap-6 md:max-w-3xl lg:max-w-[40rem] xl:max-w-[48rem]\">\n<div class=\"group\/conversation-turn relative flex w-full min-w-0 flex-col agent-turn\">\n<div class=\"flex-col gap-1 md:gap-3\">\n<div class=\"flex max-w-full flex-col flex-grow\">\n<div class=\"min-h-8 text-message flex w-full flex-col items-end gap-2 whitespace-normal break-words [.text-message+&amp;]:mt-5\" dir=\"auto\" data-message-author-role=\"assistant\" data-message-id=\"5e670fad-9509-4cfe-9bfc-014d6fd2c822\" data-message-model-slug=\"gpt-4o\">\n<div class=\"flex w-full flex-col gap-1 empty:hidden first:pt-[3px]\">\n<div class=\"markdown prose w-full break-words dark:prose-invert dark\">\n<p>Intel\u00ae Celeron\u00ae, Intel\u00ae Pentium\u00ae ou Processeur Intel\u00ae Core i3 \/ i5 \/ i7 de 11e g\u00e9n\u00e9ration<br \/>\nProcesseur**<br \/>\nNom du Processeur C\u0153urs Threads Fr\u00e9quence de Base Fr\u00e9quence Max Cache Graphiques<br \/>\nCeleron\u00ae 6305 2 2 1,8GHz &#8211; 4 Mo Intel\u00ae UHD Graphics<br \/>\nPentium\u00ae Gold 7505 2 4 2,0GHz 3,5GHz 4 Mo Intel\u00ae UHD Graphics<br \/>\nCore i3-1115G4 2 4 3,0GHz 4,1GHz 6 Mo Intel\u00ae UHD Graphics<br \/>\nCore i5-1135G7 4 8 2,4GHz 4,2GHz 8 Mo Intel\u00ae Iris\u00ae Xe Graphics[1]<br \/>\nCore i5-1155G7 4 8 2,5GHz 4,5GHz 8 Mo Intel\u00ae Iris\u00ae Xe Graphics[2]<br \/>\nCore i7-1165G7 4 8 2,8GHz 4,7GHz 12 Mo Intel\u00ae Iris\u00ae Xe Graphics[3]<br \/>\nNotes :<br \/>\n1, 2, 3. La capacit\u00e9 Intel Iris Xe Graphics n\u00e9cessite un syst\u00e8me configur\u00e9 avec de la m\u00e9moire double canal. Sur un syst\u00e8me avec une m\u00e9moire \u00e0 canal unique, Intel Iris Xe Graphics fonctionnera en tant que Intel UHD Graphics.<\/p>\n<p><strong>Syst\u00e8me d&rsquo;Exploitation<\/strong><br \/>\nSyst\u00e8me d&rsquo;Exploitation**<br \/>\nWindows\u00ae 11 Pro<br \/>\nWindows\u00ae 11 Home<br \/>\nWindows\u00ae 11 Home Single Language<br \/>\nWindows\u00ae 11 Home Single Language en mode S<br \/>\nWindows\u00ae 11 Home en mode S<br \/>\nWindows\u00ae 10 Pro 64<br \/>\nWindows\u00ae 10 Home 64<br \/>\nWindows\u00ae 10 Home 64 Single Language<br \/>\nWindows\u00ae 10 Home Single Language en mode S<br \/>\nWindows\u00ae 10 Home en mode S<br \/>\nSans syst\u00e8me d&rsquo;exploitation pr\u00e9install\u00e9<\/p>\n<p><strong>Graphiques<\/strong><br \/>\nGraphiques**<br \/>\nType de Graphiques M\u00e9moire Caract\u00e9ristiques Cl\u00e9s<br \/>\nIntel\u00ae UHD Graphics Integr\u00e9 Partag\u00e9e DirectX\u00ae 12.1<br \/>\nIntel\u00ae Iris\u00ae Xe Graphics[1] Integr\u00e9 Partag\u00e9e DirectX\u00ae 12.1<br \/>\nNVIDIA\u00ae GeForce MX350 D\u00e9dicac\u00e9 2 Go GDDR5 DirectX\u00ae 12<br \/>\nNVIDIA\u00ae GeForce MX450 D\u00e9dicac\u00e9 2 Go GDDR5 DirectX\u00ae 12<br \/>\nNotes :<\/p>\n<ol>\n<li>La capacit\u00e9 Intel Iris Xe Graphics n\u00e9cessite un syst\u00e8me configur\u00e9 avec de la m\u00e9moire double canal. Sur un syst\u00e8me avec une m\u00e9moire \u00e0 canal unique, Intel Iris Xe Graphics fonctionnera en tant que Intel UHD Graphics.<\/li>\n<\/ol>\n<p><strong>Support d&rsquo;\u00c9cran<\/strong><br \/>\nSupport d&rsquo;\u00c9cran<br \/>\nPrend en charge jusqu&rsquo;\u00e0 2 \u00e9crans ind\u00e9pendants (\u00e9cran natif et 1 moniteur externe via HDMI\u00ae)<br \/>\n\u2022 HDMI\u00ae prend en charge jusqu&rsquo;\u00e0 4K@30Hz<\/p>\n<p><strong>Chipset<\/strong><br \/>\nChipset<br \/>\nPlateforme Intel\u00ae SoC (System on Chip)<\/p>\n<p><strong>M\u00e9moire<\/strong><br \/>\nM\u00e9moire Max**[1]<br \/>\nJusqu&rsquo;\u00e0 12 Go (4 Go soud\u00e9s + 8 Go SO-DIMM) DDR4-3200<br \/>\nJusqu&rsquo;\u00e0 16 Go (8 Go soud\u00e9s + 8 Go SO-DIMM) DDR4-3200<br \/>\nEmplacements de M\u00e9moire<br \/>\nUn module de m\u00e9moire soud\u00e9 \u00e0 la carte m\u00e8re, un emplacement SO-DIMM DDR4, capable de double canal<br \/>\nType de M\u00e9moire<br \/>\nDDR4-3200<br \/>\nNotes :<\/p>\n<ol>\n<li>La m\u00e9moire maximale est bas\u00e9e sur les r\u00e9sultats des tests avec les offres actuelles de m\u00e9moire Lenovo\u00ae.<\/li>\n<\/ol>\n<p><strong>Stockage<\/strong><br \/>\nSupport de Stockage**[1]<br \/>\nMod\u00e8les avec batterie de 38Wh : jusqu&rsquo;\u00e0 deux disques, 1x HDD 2,5&Prime; + 1x SSD M.2<br \/>\n\u2022 HDD 2,5&Prime; jusqu&rsquo;\u00e0 1 To<br \/>\n\u2022 SSD M.2 2242 jusqu&rsquo;\u00e0 512 Go<br \/>\n\u2022 SSD M.2 2280 jusqu&rsquo;\u00e0 1 To<br \/>\nMod\u00e8les avec batterie de 45Wh : un disque, 1x SSD M.2<br \/>\n\u2022 SSD M.2 2242 jusqu&rsquo;\u00e0 512 Go<br \/>\n\u2022 SSD M.2 2280 jusqu&rsquo;\u00e0 1 To<br \/>\nType de Stockage***[2]<br \/>\nType de Disque Interface RPM Offre<br \/>\nHDD 2,5&Prime; SATA SATA 6Gb\/s 5,4K 500 Go \/ 1 To<br \/>\nSSD M.2 2280 PCIe\u00ae NVMe\u00ae, PCIe\u00ae 3.0 x4 &#8211; 512 Go \/ 1 To<br \/>\nSSD M.2 2280 PCIe\u00ae NVMe\u00ae, PCIe\u00ae 4.0 x4 &#8211; 1 To<br \/>\nSSD M.2 2242 PCIe\u00ae NVMe\u00ae, PCIe\u00ae 3.0 x4 &#8211; 128 Go \/ 256 Go \/ 512 Go<br \/>\nSSD M.2 2242 PCIe\u00ae NVMe\u00ae, PCIe\u00ae 4.0 x4 &#8211; 256 Go \/ 512 Go<br \/>\nNotes :<\/p>\n<ol>\n<li>La capacit\u00e9 de stockage prise en charge est bas\u00e9e sur les r\u00e9sultats des tests avec les offres actuelles de stockage Lenovo\u00ae.<\/li>\n<li>Un SSD M.2 PCIe\u00ae Gen 4 dans l&#8217;emplacement M.2 PCIe\u00ae Gen 3 est r\u00e9trograd\u00e9 \u00e0 une performance PCIe\u00ae Gen 3.<\/li>\n<\/ol>\n<p><strong>Batterie<\/strong><br \/>\nBatterie**<br \/>\nBatterie Li-Polym\u00e8re int\u00e9gr\u00e9e de 38Wh, prend en charge la charge rapide (charge jusqu&rsquo;\u00e0 80% en 1 heure)<br \/>\nBatterie Li-Polym\u00e8re int\u00e9gr\u00e9e de 45Wh, prend en charge la charge rapide (charge jusqu&rsquo;\u00e0 80% en 1 heure)<br \/>\nAutonomie Max de la Batterie**[1]<br \/>\nMod\u00e8les avec batterie de 38Wh :<br \/>\nMobileMark\u00ae 2018 : 5,5 h<br \/>\nLecture vid\u00e9o locale (1080p) @150nits : 8,5 h<br \/>\nMod\u00e8les avec batterie de 45Wh :<br \/>\nMobileMark\u00ae 2018 : 7,5 h<br \/>\nLecture vid\u00e9o locale (1080p) @150nits : 12 h<\/p>\n<\/div>\n<\/div>\n<\/div>\n<\/div>\n<\/div>\n<\/div>\n<\/div>\n<\/div>\n<\/article>\n<\/div>\n<\/div>\n<\/div>\n<\/div>\n<\/div>\n<div class=\"md:pt-0 dark:border-white\/20 md:border-transparent md:dark:border-transparent w-full\">\n<div>\n<div class=\"m-auto text-base px-3 md:px-4 w-full md:px-5 lg:px-4 xl:px-5\">\n<div class=\"mx-auto flex flex-1 gap-4 text-base md:gap-5 lg:gap-6 md:max-w-3xl lg:max-w-[40rem] xl:max-w-[48rem]\">\n<form class=\"w-full\" aria-haspopup=\"dialog\" aria-expanded=\"false\" aria-controls=\"radix-:r1pq:\" data-state=\"closed\" action=\"\">\n<div class=\"relative flex h-full max-w-full flex-1 flex-col\">\n<div class=\"group relative flex w-full items-center\">\n<div class=\"flex w-full flex-col transition-colors contain-inline-size gap-1.5 rounded-[26px] p-1.5 bg-[#f4f4f4] dark:bg-token-main-surface-secondary\">\n<div class=\"flex items-end gap-1.5 pl-4 md:gap-2\">\n<div class=\"mb-1 me-1\"><\/div>\n<\/div>\n<\/div>\n<\/div>\n<\/div>\n<input type=\"hidden\" name=\"trp-form-language\" value=\"ar\"\/><\/form>\n<\/div>\n<\/div>\n<div class=\"relative w-full px-2 py-2 text-center text-xs text-token-text-secondary empty:hidden md:px-[60px]\">\n<div class=\"min-h-4\">\n<div><\/div>\n<\/div>\n<\/div>\n<\/div>\n<\/div>","protected":false},"excerpt":{"rendered":"<p>Intel\u00ae Celeron\u00ae, Intel\u00ae Pentium\u00ae ou Processeur Intel\u00ae Core i3 \/ i5 \/ i7 de 11e g\u00e9n\u00e9ration Processeur** Nom du Processeur<\/p>","protected":false},"featured_media":32809,"comment_status":"open","ping_status":"closed","template":"","meta":[],"product_brand":[],"product_cat":[30],"product_tag":[],"class_list":{"0":"post-32801","1":"product","2":"type-product","3":"status-publish","4":"has-post-thumbnail","6":"product_cat-materiel-informatique","8":"first","9":"instock","10":"shipping-taxable","11":"purchasable","12":"product-type-variable"},"yoast_head":"<!-- This site is optimized with the Yoast SEO plugin v24.9 - https:\/\/yoast.com\/wordpress\/plugins\/seo\/ -->\n<title>Lenovo Idea Pad 3 15ITL6 - Maslak<\/title>\n<meta name=\"description\" content=\"Intel\u00ae Celeron\u00ae, Intel\u00ae Pentium\u00ae ou Processeur Intel i7 de 11e g\u00e9n\u00e9rationProcesseur**Nom du Processeur C\u0153urs Threads Fr\u00e9quence de Base Fr\u00e9quence Max Cache GraphiquesCeleron\u00ae 6305 2 2 1,8GHz - 4 Mo Intel\u00ae UHD GraphicsPentium\u00ae Gold 7505 2 4 2,0GHz 3,5GHz 4 Mo Intel\u00ae UHD GraphicsCore i3-1115G4 2 4 3,0GHz 4,1GHz 6 Mo Intel\u00ae UHD GraphicsCore i5-1135G7 4 8 2,4GHz 4,2GHz 8 Mo Intel\u00ae Iris\u00ae Xe Graphics[1]Core i5-1155G7 4 8 2,5GHz 4,5GHz 8 Mo Intel\u00ae Iris\u00ae Xe Graphics[2]Core i7-1165G7 4 8 2,8GHz 4,7GHz 12 Mo Intel\u00ae Iris\u00ae Xe Graphics[3]\" \/>\n<meta name=\"robots\" content=\"index, follow, max-snippet:-1, max-image-preview:large, max-video-preview:-1\" \/>\n<link rel=\"canonical\" href=\"https:\/\/tay-sir.com\/ar\/product\/lenovo-idea-pad-3-15itl6\/\" \/>\n<meta property=\"og:locale\" content=\"ar_AR\" \/>\n<meta property=\"og:type\" content=\"article\" \/>\n<meta property=\"og:title\" content=\"Lenovo Idea Pad 3 15ITL6 - Maslak\" \/>\n<meta property=\"og:description\" content=\"Intel\u00ae Celeron\u00ae, Intel\u00ae Pentium\u00ae ou Processeur Intel i7 de 11e g\u00e9n\u00e9rationProcesseur**Nom du Processeur C\u0153urs Threads Fr\u00e9quence de Base Fr\u00e9quence Max Cache GraphiquesCeleron\u00ae 6305 2 2 1,8GHz - 4 Mo Intel\u00ae UHD GraphicsPentium\u00ae Gold 7505 2 4 2,0GHz 3,5GHz 4 Mo Intel\u00ae UHD GraphicsCore i3-1115G4 2 4 3,0GHz 4,1GHz 6 Mo Intel\u00ae UHD GraphicsCore i5-1135G7 4 8 2,4GHz 4,2GHz 8 Mo Intel\u00ae Iris\u00ae Xe Graphics[1]Core i5-1155G7 4 8 2,5GHz 4,5GHz 8 Mo Intel\u00ae Iris\u00ae Xe Graphics[2]Core i7-1165G7 4 8 2,8GHz 4,7GHz 12 Mo Intel\u00ae Iris\u00ae Xe Graphics[3]\" \/>\n<meta property=\"og:url\" content=\"https:\/\/tay-sir.com\/ar\/product\/lenovo-idea-pad-3-15itl6\/\" \/>\n<meta property=\"og:site_name\" content=\"Maslak\" \/>\n<meta property=\"article:publisher\" content=\"https:\/\/www.facebook.com\/profile.php?id=61566201523117\" \/>\n<meta property=\"article:modified_time\" content=\"2024-11-06T14:15:23+00:00\" \/>\n<meta property=\"og:image\" content=\"https:\/\/tay-sir.com\/wp-content\/uploads\/2024\/11\/Lenovo-Idea-Pad-3-15ITL6.jpg\" \/>\n\t<meta property=\"og:image:width\" content=\"500\" \/>\n\t<meta property=\"og:image:height\" content=\"500\" \/>\n\t<meta property=\"og:image:type\" content=\"image\/jpeg\" \/>\n<meta name=\"twitter:card\" content=\"summary_large_image\" \/>\n<meta name=\"twitter:label1\" content=\"\u0648\u0642\u062a \u0627\u0644\u0642\u0631\u0627\u0621\u0629 \u0627\u0644\u0645\u064f\u0642\u062f\u0651\u0631\" \/>\n\t<meta name=\"twitter:data1\" content=\"4 \u062f\u0642\u0627\u0626\u0642\" \/>\n<script type=\"application\/ld+json\" class=\"yoast-schema-graph\">{\"@context\":\"https:\/\/schema.org\",\"@graph\":[{\"@type\":\"WebPage\",\"@id\":\"https:\/\/tay-sir.com\/produit\/lenovo-idea-pad-3-15itl6\/\",\"url\":\"https:\/\/tay-sir.com\/produit\/lenovo-idea-pad-3-15itl6\/\",\"name\":\"Lenovo Idea Pad 3 15ITL6 - Maslak\",\"isPartOf\":{\"@id\":\"https:\/\/tay-sir.com\/ar\/#website\"},\"primaryImageOfPage\":{\"@id\":\"https:\/\/tay-sir.com\/produit\/lenovo-idea-pad-3-15itl6\/#primaryimage\"},\"image\":{\"@id\":\"https:\/\/tay-sir.com\/produit\/lenovo-idea-pad-3-15itl6\/#primaryimage\"},\"thumbnailUrl\":\"https:\/\/tay-sir.com\/wp-content\/uploads\/2024\/11\/Lenovo-Idea-Pad-3-15ITL6.jpg\",\"datePublished\":\"2024-11-06T14:15:20+00:00\",\"dateModified\":\"2024-11-06T14:15:23+00:00\",\"description\":\"Intel\u00ae Celeron\u00ae, Intel\u00ae Pentium\u00ae ou Processeur Intel i7 de 11e g\u00e9n\u00e9rationProcesseur**Nom du Processeur C\u0153urs Threads Fr\u00e9quence de Base Fr\u00e9quence Max Cache GraphiquesCeleron\u00ae 6305 2 2 1,8GHz - 4 Mo Intel\u00ae UHD GraphicsPentium\u00ae Gold 7505 2 4 2,0GHz 3,5GHz 4 Mo Intel\u00ae UHD GraphicsCore i3-1115G4 2 4 3,0GHz 4,1GHz 6 Mo Intel\u00ae UHD GraphicsCore i5-1135G7 4 8 2,4GHz 4,2GHz 8 Mo Intel\u00ae Iris\u00ae Xe Graphics[1]Core i5-1155G7 4 8 2,5GHz 4,5GHz 8 Mo Intel\u00ae Iris\u00ae Xe Graphics[2]Core i7-1165G7 4 8 2,8GHz 4,7GHz 12 Mo Intel\u00ae Iris\u00ae Xe Graphics[3]\",\"breadcrumb\":{\"@id\":\"https:\/\/tay-sir.com\/produit\/lenovo-idea-pad-3-15itl6\/#breadcrumb\"},\"inLanguage\":\"ar\",\"potentialAction\":[{\"@type\":\"ReadAction\",\"target\":[\"https:\/\/tay-sir.com\/produit\/lenovo-idea-pad-3-15itl6\/\"]}]},{\"@type\":\"ImageObject\",\"inLanguage\":\"ar\",\"@id\":\"https:\/\/tay-sir.com\/produit\/lenovo-idea-pad-3-15itl6\/#primaryimage\",\"url\":\"https:\/\/tay-sir.com\/wp-content\/uploads\/2024\/11\/Lenovo-Idea-Pad-3-15ITL6.jpg\",\"contentUrl\":\"https:\/\/tay-sir.com\/wp-content\/uploads\/2024\/11\/Lenovo-Idea-Pad-3-15ITL6.jpg\",\"width\":500,\"height\":500},{\"@type\":\"BreadcrumbList\",\"@id\":\"https:\/\/tay-sir.com\/produit\/lenovo-idea-pad-3-15itl6\/#breadcrumb\",\"itemListElement\":[{\"@type\":\"ListItem\",\"position\":1,\"name\":\"Home\",\"item\":\"https:\/\/tay-sir.com\/ar\/\"},{\"@type\":\"ListItem\",\"position\":2,\"name\":\"Boutique\",\"item\":\"https:\/\/tay-sir.com\/boutique\/\"},{\"@type\":\"ListItem\",\"position\":3,\"name\":\"Lenovo Idea Pad 3 15ITL6\"}]},{\"@type\":\"WebSite\",\"@id\":\"https:\/\/tay-sir.com\/ar\/#website\",\"url\":\"https:\/\/tay-sir.com\/ar\/\",\"name\":\"TAY-SIR.com\",\"description\":\"plateforme e-commerce avec financement islamique digital en ligne\",\"publisher\":{\"@id\":\"https:\/\/tay-sir.com\/ar\/#organization\"},\"potentialAction\":[{\"@type\":\"SearchAction\",\"target\":{\"@type\":\"EntryPoint\",\"urlTemplate\":\"https:\/\/tay-sir.com\/ar\/?s={search_term_string}\"},\"query-input\":{\"@type\":\"PropertyValueSpecification\",\"valueRequired\":true,\"valueName\":\"search_term_string\"}}],\"inLanguage\":\"ar\"},{\"@type\":\"Organization\",\"@id\":\"https:\/\/tay-sir.com\/ar\/#organization\",\"name\":\"Taysir\",\"url\":\"https:\/\/tay-sir.com\/ar\/\",\"logo\":{\"@type\":\"ImageObject\",\"inLanguage\":\"ar\",\"@id\":\"https:\/\/tay-sir.com\/ar\/#\/schema\/logo\/image\/\",\"url\":\"https:\/\/tay-sir.com\/wp-content\/uploads\/2024\/10\/profil.jpg\",\"contentUrl\":\"https:\/\/tay-sir.com\/wp-content\/uploads\/2024\/10\/profil.jpg\",\"width\":1024,\"height\":1024,\"caption\":\"Taysir\"},\"image\":{\"@id\":\"https:\/\/tay-sir.com\/ar\/#\/schema\/logo\/image\/\"},\"sameAs\":[\"https:\/\/www.facebook.com\/profile.php?id=61566201523117\",\"https:\/\/www.tiktok.com\/@taysir31000?fbclid=IwY2xjawFor1xleHRuA2FlbQIxMAABHQqa6Ko0Z_QFAZb-7Bltxo0G0y0YuIXxVxPenEAWDkGyOgZp7D3Bq1oJAA_aem_TiTB-X9kxzhzORQbwqQiYw\",\"https:\/\/www.instagram.com\/taysirfacilite\/\"]}]}<\/script>\n<!-- \/ Yoast SEO plugin. -->","yoast_head_json":{"title":"Lenovo Idea Pad 3 15ITL6 - Maslak","description":"Intel\u00ae Celeron\u00ae, Intel\u00ae Pentium\u00ae ou Processeur Intel i7 de 11e g\u00e9n\u00e9rationProcesseur**Nom du Processeur C\u0153urs Threads Fr\u00e9quence de Base Fr\u00e9quence Max Cache GraphiquesCeleron\u00ae 6305 2 2 1,8GHz - 4 Mo Intel\u00ae UHD GraphicsPentium\u00ae Gold 7505 2 4 2,0GHz 3,5GHz 4 Mo Intel\u00ae UHD GraphicsCore i3-1115G4 2 4 3,0GHz 4,1GHz 6 Mo Intel\u00ae UHD GraphicsCore i5-1135G7 4 8 2,4GHz 4,2GHz 8 Mo Intel\u00ae Iris\u00ae Xe Graphics[1]Core i5-1155G7 4 8 2,5GHz 4,5GHz 8 Mo Intel\u00ae Iris\u00ae Xe Graphics[2]Core i7-1165G7 4 8 2,8GHz 4,7GHz 12 Mo Intel\u00ae Iris\u00ae Xe Graphics[3]","robots":{"index":"index","follow":"follow","max-snippet":"max-snippet:-1","max-image-preview":"max-image-preview:large","max-video-preview":"max-video-preview:-1"},"canonical":"https:\/\/tay-sir.com\/ar\/product\/lenovo-idea-pad-3-15itl6\/","og_locale":"ar_AR","og_type":"article","og_title":"Lenovo Idea Pad 3 15ITL6 - Maslak","og_description":"Intel\u00ae Celeron\u00ae, Intel\u00ae Pentium\u00ae ou Processeur Intel i7 de 11e g\u00e9n\u00e9rationProcesseur**Nom du Processeur C\u0153urs Threads Fr\u00e9quence de Base Fr\u00e9quence Max Cache GraphiquesCeleron\u00ae 6305 2 2 1,8GHz - 4 Mo Intel\u00ae UHD GraphicsPentium\u00ae Gold 7505 2 4 2,0GHz 3,5GHz 4 Mo Intel\u00ae UHD GraphicsCore i3-1115G4 2 4 3,0GHz 4,1GHz 6 Mo Intel\u00ae UHD GraphicsCore i5-1135G7 4 8 2,4GHz 4,2GHz 8 Mo Intel\u00ae Iris\u00ae Xe Graphics[1]Core i5-1155G7 4 8 2,5GHz 4,5GHz 8 Mo Intel\u00ae Iris\u00ae Xe Graphics[2]Core i7-1165G7 4 8 2,8GHz 4,7GHz 12 Mo Intel\u00ae Iris\u00ae Xe Graphics[3]","og_url":"https:\/\/tay-sir.com\/ar\/product\/lenovo-idea-pad-3-15itl6\/","og_site_name":"Maslak","article_publisher":"https:\/\/www.facebook.com\/profile.php?id=61566201523117","article_modified_time":"2024-11-06T14:15:23+00:00","og_image":[{"width":500,"height":500,"url":"https:\/\/tay-sir.com\/wp-content\/uploads\/2024\/11\/Lenovo-Idea-Pad-3-15ITL6.jpg","type":"image\/jpeg"}],"twitter_card":"summary_large_image","twitter_misc":{"\u0648\u0642\u062a \u0627\u0644\u0642\u0631\u0627\u0621\u0629 \u0627\u0644\u0645\u064f\u0642\u062f\u0651\u0631":"4 \u062f\u0642\u0627\u0626\u0642"},"schema":{"@context":"https:\/\/schema.org","@graph":[{"@type":"WebPage","@id":"https:\/\/tay-sir.com\/produit\/lenovo-idea-pad-3-15itl6\/","url":"https:\/\/tay-sir.com\/produit\/lenovo-idea-pad-3-15itl6\/","name":"Lenovo Idea Pad 3 15ITL6 - Maslak","isPartOf":{"@id":"https:\/\/tay-sir.com\/ar\/#website"},"primaryImageOfPage":{"@id":"https:\/\/tay-sir.com\/produit\/lenovo-idea-pad-3-15itl6\/#primaryimage"},"image":{"@id":"https:\/\/tay-sir.com\/produit\/lenovo-idea-pad-3-15itl6\/#primaryimage"},"thumbnailUrl":"https:\/\/tay-sir.com\/wp-content\/uploads\/2024\/11\/Lenovo-Idea-Pad-3-15ITL6.jpg","datePublished":"2024-11-06T14:15:20+00:00","dateModified":"2024-11-06T14:15:23+00:00","description":"Intel\u00ae Celeron\u00ae, Intel\u00ae Pentium\u00ae ou Processeur Intel i7 de 11e g\u00e9n\u00e9rationProcesseur**Nom du Processeur C\u0153urs Threads Fr\u00e9quence de Base Fr\u00e9quence Max Cache GraphiquesCeleron\u00ae 6305 2 2 1,8GHz - 4 Mo Intel\u00ae UHD GraphicsPentium\u00ae Gold 7505 2 4 2,0GHz 3,5GHz 4 Mo Intel\u00ae UHD GraphicsCore i3-1115G4 2 4 3,0GHz 4,1GHz 6 Mo Intel\u00ae UHD GraphicsCore i5-1135G7 4 8 2,4GHz 4,2GHz 8 Mo Intel\u00ae Iris\u00ae Xe Graphics[1]Core i5-1155G7 4 8 2,5GHz 4,5GHz 8 Mo Intel\u00ae Iris\u00ae Xe Graphics[2]Core i7-1165G7 4 8 2,8GHz 4,7GHz 12 Mo Intel\u00ae Iris\u00ae Xe Graphics[3]","breadcrumb":{"@id":"https:\/\/tay-sir.com\/produit\/lenovo-idea-pad-3-15itl6\/#breadcrumb"},"inLanguage":"ar","potentialAction":[{"@type":"ReadAction","target":["https:\/\/tay-sir.com\/produit\/lenovo-idea-pad-3-15itl6\/"]}]},{"@type":"ImageObject","inLanguage":"ar","@id":"https:\/\/tay-sir.com\/produit\/lenovo-idea-pad-3-15itl6\/#primaryimage","url":"https:\/\/tay-sir.com\/wp-content\/uploads\/2024\/11\/Lenovo-Idea-Pad-3-15ITL6.jpg","contentUrl":"https:\/\/tay-sir.com\/wp-content\/uploads\/2024\/11\/Lenovo-Idea-Pad-3-15ITL6.jpg","width":500,"height":500},{"@type":"BreadcrumbList","@id":"https:\/\/tay-sir.com\/produit\/lenovo-idea-pad-3-15itl6\/#breadcrumb","itemListElement":[{"@type":"ListItem","position":1,"name":"Home","item":"https:\/\/tay-sir.com\/ar\/"},{"@type":"ListItem","position":2,"name":"Boutique","item":"https:\/\/tay-sir.com\/boutique\/"},{"@type":"ListItem","position":3,"name":"Lenovo Idea Pad 3 15ITL6"}]},{"@type":"WebSite","@id":"https:\/\/tay-sir.com\/ar\/#website","url":"https:\/\/tay-sir.com\/ar\/","name":"TAY-SIR.com","description":"plateforme e-commerce avec financement islamique digital en ligne","publisher":{"@id":"https:\/\/tay-sir.com\/ar\/#organization"},"potentialAction":[{"@type":"SearchAction","target":{"@type":"EntryPoint","urlTemplate":"https:\/\/tay-sir.com\/ar\/?s={search_term_string}"},"query-input":{"@type":"PropertyValueSpecification","valueRequired":true,"valueName":"search_term_string"}}],"inLanguage":"ar"},{"@type":"Organization","@id":"https:\/\/tay-sir.com\/ar\/#organization","name":"Taysir","url":"https:\/\/tay-sir.com\/ar\/","logo":{"@type":"ImageObject","inLanguage":"ar","@id":"https:\/\/tay-sir.com\/ar\/#\/schema\/logo\/image\/","url":"https:\/\/tay-sir.com\/wp-content\/uploads\/2024\/10\/profil.jpg","contentUrl":"https:\/\/tay-sir.com\/wp-content\/uploads\/2024\/10\/profil.jpg","width":1024,"height":1024,"caption":"Taysir"},"image":{"@id":"https:\/\/tay-sir.com\/ar\/#\/schema\/logo\/image\/"},"sameAs":["https:\/\/www.facebook.com\/profile.php?id=61566201523117","https:\/\/www.tiktok.com\/@taysir31000?fbclid=IwY2xjawFor1xleHRuA2FlbQIxMAABHQqa6Ko0Z_QFAZb-7Bltxo0G0y0YuIXxVxPenEAWDkGyOgZp7D3Bq1oJAA_aem_TiTB-X9kxzhzORQbwqQiYw","https:\/\/www.instagram.com\/taysirfacilite\/"]}]}},"_links":{"self":[{"href":"https:\/\/tay-sir.com\/ar\/wp-json\/wp\/v2\/product\/32801","targetHints":{"allow":["GET"]}}],"collection":[{"href":"https:\/\/tay-sir.com\/ar\/wp-json\/wp\/v2\/product"}],"about":[{"href":"https:\/\/tay-sir.com\/ar\/wp-json\/wp\/v2\/types\/product"}],"replies":[{"embeddable":true,"href":"https:\/\/tay-sir.com\/ar\/wp-json\/wp\/v2\/comments?post=32801"}],"version-history":[{"count":1,"href":"https:\/\/tay-sir.com\/ar\/wp-json\/wp\/v2\/product\/32801\/revisions"}],"predecessor-version":[{"id":32813,"href":"https:\/\/tay-sir.com\/ar\/wp-json\/wp\/v2\/product\/32801\/revisions\/32813"}],"wp:featuredmedia":[{"embeddable":true,"href":"https:\/\/tay-sir.com\/ar\/wp-json\/wp\/v2\/media\/32809"}],"wp:attachment":[{"href":"https:\/\/tay-sir.com\/ar\/wp-json\/wp\/v2\/media?parent=32801"}],"wp:term":[{"taxonomy":"product_brand","embeddable":true,"href":"https:\/\/tay-sir.com\/ar\/wp-json\/wp\/v2\/product_brand?post=32801"},{"taxonomy":"product_cat","embeddable":true,"href":"https:\/\/tay-sir.com\/ar\/wp-json\/wp\/v2\/product_cat?post=32801"},{"taxonomy":"product_tag","embeddable":true,"href":"https:\/\/tay-sir.com\/ar\/wp-json\/wp\/v2\/product_tag?post=32801"}],"curies":[{"name":"wp","href":"https:\/\/api.w.org\/{rel}","templated":true}]}}