{"id":32814,"date":"2024-11-06T15:39:34","date_gmt":"2024-11-06T14:39:34","guid":{"rendered":"https:\/\/tay-sir.com\/?post_type=product&#038;p=32814"},"modified":"2024-11-06T15:39:47","modified_gmt":"2024-11-06T14:39:47","slug":"g5-15-gaming-laptop","status":"publish","type":"product","link":"https:\/\/tay-sir.com\/ar\/product\/g5-15-gaming-laptop\/","title":{"rendered":"G5 15 Gaming Laptop"},"content":{"rendered":"<p><strong>Restez au frais :<\/strong> Le G5 15 gaming laptop est \u00e9quip\u00e9 d\u2019un syst\u00e8me de refroidissement \u00e0 double ventilateur pour r\u00e9partir la chaleur et maintenir votre syst\u00e8me r\u00e9actif et frais, m\u00eame lors des sessions de jeu intenses.<\/p>\n<p><strong>Technologie Game Shift :<\/strong> Profitez d&rsquo;un coup de boost en puissance lorsque le jeu devient intense, gr\u00e2ce \u00e0 une simple pression sur un bouton. Activ\u00e9 d&rsquo;un clic, Game Shift d\u00e9clenche un mode de performance dynamique dans l&rsquo;Alienware Command Center, en maximisant la vitesse des ventilateurs pour garder le syst\u00e8me au frais pendant que les processeurs travaillent plus intens\u00e9ment.<\/p>\n<p><strong>Robustesse renforc\u00e9e :<\/strong> B\u00e9n\u00e9ficiez de d\u00e9marrages plus rapides et de plus d&rsquo;options de stockage gr\u00e2ce \u00e0 des disques doubles avec des options SSD, y compris M.2 NVMe PCIe.<\/p>\n<p><strong>**La victoire est dans les d\u00e9tails**<\/strong><\/p>\n<p><strong>**Graphismes immersifs<\/strong> :** Avec des options de cartes graphiques discr\u00e8tes allant jusqu\u2019\u00e0 la NVIDIA\u00ae GeForce\u00ae GTX 1660Ti ou RTX 2070 avec la technologie Max-Q, jouez \u00e0 des param\u00e8tres plus \u00e9lev\u00e9s avec une clart\u00e9 de d\u00e9tail et une fluidit\u00e9 de jeu impressionnantes. Profitez de la puissance du multiprocesseur de streaming central, qui exploite les avanc\u00e9es de l\u2019ombrage Turing et passez \u00e0 la gamme RTX pour une performance accrue, des graphismes de nouvelle g\u00e9n\u00e9ration et des technologies NVIDIA telles que le ray tracing, le DLSS, et le rendu graphique optimis\u00e9 par IA.<\/p>\n<p><strong>**M\u00e9moire durable<\/strong> :** Vivez l&rsquo;action dans toute sa splendeur avec des temps de chargement plus rapides et un syst\u00e8me plus silencieux, aliment\u00e9 par une m\u00e9moire d\u00e9di\u00e9e allant jusqu&rsquo;\u00e0 16 Go GDDR6.<\/p>\n<p><strong>**Plong\u00e9e immersive :<\/strong>** Chaque d\u00e9tail de votre jeu est amplifi\u00e9 gr\u00e2ce \u00e0 un \u00e9cran FHD avec bordure fine sur deux c\u00f4t\u00e9s et un panneau en option de 144Hz.<\/p>\n<p><strong>**\u00c0 pleine vitesse :<\/strong>** Le Killer Gigabit Ethernet garantit une vitesse fulgurante et r\u00e9duit les d\u00e9lais pour un trafic r\u00e9seau fluide.<\/p>","protected":false},"excerpt":{"rendered":"<p>Restez au frais : Le G5 15 gaming laptop est \u00e9quip\u00e9 d\u2019un syst\u00e8me de refroidissement \u00e0 double ventilateur pour r\u00e9partir<\/p>","protected":false},"featured_media":32821,"comment_status":"open","ping_status":"closed","template":"","meta":[],"product_brand":[],"product_cat":[30],"product_tag":[],"class_list":{"0":"post-32814","1":"product","2":"type-product","3":"status-publish","4":"has-post-thumbnail","6":"product_cat-materiel-informatique","8":"first","9":"instock","10":"shipping-taxable","11":"purchasable","12":"product-type-variable"},"yoast_head":"<!-- This site is optimized with the Yoast SEO plugin v24.9 - https:\/\/yoast.com\/wordpress\/plugins\/seo\/ -->\n<title>G5 15 Gaming Laptop - Maslak<\/title>\n<meta name=\"robots\" content=\"index, follow, max-snippet:-1, max-image-preview:large, max-video-preview:-1\" \/>\n<link rel=\"canonical\" href=\"https:\/\/tay-sir.com\/ar\/product\/g5-15-gaming-laptop\/\" \/>\n<meta property=\"og:locale\" content=\"ar_AR\" \/>\n<meta property=\"og:type\" content=\"article\" \/>\n<meta property=\"og:title\" content=\"G5 15 Gaming Laptop - Maslak\" \/>\n<meta property=\"og:description\" content=\"Restez au frais : Le G5 15 gaming laptop est \u00e9quip\u00e9 d\u2019un syst\u00e8me de refroidissement \u00e0 double ventilateur pour r\u00e9partir\" \/>\n<meta property=\"og:url\" content=\"https:\/\/tay-sir.com\/ar\/product\/g5-15-gaming-laptop\/\" \/>\n<meta property=\"og:site_name\" content=\"Maslak\" \/>\n<meta property=\"article:publisher\" content=\"https:\/\/www.facebook.com\/profile.php?id=61566201523117\" \/>\n<meta property=\"article:modified_time\" content=\"2024-11-06T14:39:47+00:00\" \/>\n<meta property=\"og:image\" content=\"https:\/\/tay-sir.com\/wp-content\/uploads\/2024\/11\/G5-15-Gaming-Laptop.jpg\" \/>\n\t<meta property=\"og:image:width\" content=\"500\" \/>\n\t<meta property=\"og:image:height\" content=\"500\" \/>\n\t<meta property=\"og:image:type\" content=\"image\/jpeg\" \/>\n<meta name=\"twitter:card\" content=\"summary_large_image\" \/>\n<meta name=\"twitter:label1\" content=\"\u0648\u0642\u062a \u0627\u0644\u0642\u0631\u0627\u0621\u0629 \u0627\u0644\u0645\u064f\u0642\u062f\u0651\u0631\" \/>\n\t<meta name=\"twitter:data1\" content=\"\u062f\u0642\u064a\u0642\u062a\u0627\u0646\" \/>\n<script type=\"application\/ld+json\" class=\"yoast-schema-graph\">{\"@context\":\"https:\/\/schema.org\",\"@graph\":[{\"@type\":\"WebPage\",\"@id\":\"https:\/\/tay-sir.com\/produit\/g5-15-gaming-laptop\/\",\"url\":\"https:\/\/tay-sir.com\/produit\/g5-15-gaming-laptop\/\",\"name\":\"G5 15 Gaming Laptop - Maslak\",\"isPartOf\":{\"@id\":\"https:\/\/tay-sir.com\/ar\/#website\"},\"primaryImageOfPage\":{\"@id\":\"https:\/\/tay-sir.com\/produit\/g5-15-gaming-laptop\/#primaryimage\"},\"image\":{\"@id\":\"https:\/\/tay-sir.com\/produit\/g5-15-gaming-laptop\/#primaryimage\"},\"thumbnailUrl\":\"https:\/\/tay-sir.com\/wp-content\/uploads\/2024\/11\/G5-15-Gaming-Laptop.jpg\",\"datePublished\":\"2024-11-06T14:39:34+00:00\",\"dateModified\":\"2024-11-06T14:39:47+00:00\",\"breadcrumb\":{\"@id\":\"https:\/\/tay-sir.com\/produit\/g5-15-gaming-laptop\/#breadcrumb\"},\"inLanguage\":\"ar\",\"potentialAction\":[{\"@type\":\"ReadAction\",\"target\":[\"https:\/\/tay-sir.com\/produit\/g5-15-gaming-laptop\/\"]}]},{\"@type\":\"ImageObject\",\"inLanguage\":\"ar\",\"@id\":\"https:\/\/tay-sir.com\/produit\/g5-15-gaming-laptop\/#primaryimage\",\"url\":\"https:\/\/tay-sir.com\/wp-content\/uploads\/2024\/11\/G5-15-Gaming-Laptop.jpg\",\"contentUrl\":\"https:\/\/tay-sir.com\/wp-content\/uploads\/2024\/11\/G5-15-Gaming-Laptop.jpg\",\"width\":500,\"height\":500},{\"@type\":\"BreadcrumbList\",\"@id\":\"https:\/\/tay-sir.com\/produit\/g5-15-gaming-laptop\/#breadcrumb\",\"itemListElement\":[{\"@type\":\"ListItem\",\"position\":1,\"name\":\"Home\",\"item\":\"https:\/\/tay-sir.com\/ar\/\"},{\"@type\":\"ListItem\",\"position\":2,\"name\":\"Boutique\",\"item\":\"https:\/\/tay-sir.com\/boutique\/\"},{\"@type\":\"ListItem\",\"position\":3,\"name\":\"G5 15 Gaming Laptop\"}]},{\"@type\":\"WebSite\",\"@id\":\"https:\/\/tay-sir.com\/ar\/#website\",\"url\":\"https:\/\/tay-sir.com\/ar\/\",\"name\":\"TAY-SIR.com\",\"description\":\"plateforme e-commerce avec financement islamique digital en ligne\",\"publisher\":{\"@id\":\"https:\/\/tay-sir.com\/ar\/#organization\"},\"potentialAction\":[{\"@type\":\"SearchAction\",\"target\":{\"@type\":\"EntryPoint\",\"urlTemplate\":\"https:\/\/tay-sir.com\/ar\/?s={search_term_string}\"},\"query-input\":{\"@type\":\"PropertyValueSpecification\",\"valueRequired\":true,\"valueName\":\"search_term_string\"}}],\"inLanguage\":\"ar\"},{\"@type\":\"Organization\",\"@id\":\"https:\/\/tay-sir.com\/ar\/#organization\",\"name\":\"Taysir\",\"url\":\"https:\/\/tay-sir.com\/ar\/\",\"logo\":{\"@type\":\"ImageObject\",\"inLanguage\":\"ar\",\"@id\":\"https:\/\/tay-sir.com\/ar\/#\/schema\/logo\/image\/\",\"url\":\"https:\/\/tay-sir.com\/wp-content\/uploads\/2024\/10\/profil.jpg\",\"contentUrl\":\"https:\/\/tay-sir.com\/wp-content\/uploads\/2024\/10\/profil.jpg\",\"width\":1024,\"height\":1024,\"caption\":\"Taysir\"},\"image\":{\"@id\":\"https:\/\/tay-sir.com\/ar\/#\/schema\/logo\/image\/\"},\"sameAs\":[\"https:\/\/www.facebook.com\/profile.php?id=61566201523117\",\"https:\/\/www.tiktok.com\/@taysir31000?fbclid=IwY2xjawFor1xleHRuA2FlbQIxMAABHQqa6Ko0Z_QFAZb-7Bltxo0G0y0YuIXxVxPenEAWDkGyOgZp7D3Bq1oJAA_aem_TiTB-X9kxzhzORQbwqQiYw\",\"https:\/\/www.instagram.com\/taysirfacilite\/\"]}]}<\/script>\n<!-- \/ Yoast SEO plugin. -->","yoast_head_json":{"title":"G5 15 Gaming Laptop - Maslak","robots":{"index":"index","follow":"follow","max-snippet":"max-snippet:-1","max-image-preview":"max-image-preview:large","max-video-preview":"max-video-preview:-1"},"canonical":"https:\/\/tay-sir.com\/ar\/product\/g5-15-gaming-laptop\/","og_locale":"ar_AR","og_type":"article","og_title":"G5 15 Gaming Laptop - Maslak","og_description":"Restez au frais : Le G5 15 gaming laptop est \u00e9quip\u00e9 d\u2019un syst\u00e8me de refroidissement \u00e0 double ventilateur pour r\u00e9partir","og_url":"https:\/\/tay-sir.com\/ar\/product\/g5-15-gaming-laptop\/","og_site_name":"Maslak","article_publisher":"https:\/\/www.facebook.com\/profile.php?id=61566201523117","article_modified_time":"2024-11-06T14:39:47+00:00","og_image":[{"width":500,"height":500,"url":"https:\/\/tay-sir.com\/wp-content\/uploads\/2024\/11\/G5-15-Gaming-Laptop.jpg","type":"image\/jpeg"}],"twitter_card":"summary_large_image","twitter_misc":{"\u0648\u0642\u062a \u0627\u0644\u0642\u0631\u0627\u0621\u0629 \u0627\u0644\u0645\u064f\u0642\u062f\u0651\u0631":"\u062f\u0642\u064a\u0642\u062a\u0627\u0646"},"schema":{"@context":"https:\/\/schema.org","@graph":[{"@type":"WebPage","@id":"https:\/\/tay-sir.com\/produit\/g5-15-gaming-laptop\/","url":"https:\/\/tay-sir.com\/produit\/g5-15-gaming-laptop\/","name":"G5 15 Gaming Laptop - Maslak","isPartOf":{"@id":"https:\/\/tay-sir.com\/ar\/#website"},"primaryImageOfPage":{"@id":"https:\/\/tay-sir.com\/produit\/g5-15-gaming-laptop\/#primaryimage"},"image":{"@id":"https:\/\/tay-sir.com\/produit\/g5-15-gaming-laptop\/#primaryimage"},"thumbnailUrl":"https:\/\/tay-sir.com\/wp-content\/uploads\/2024\/11\/G5-15-Gaming-Laptop.jpg","datePublished":"2024-11-06T14:39:34+00:00","dateModified":"2024-11-06T14:39:47+00:00","breadcrumb":{"@id":"https:\/\/tay-sir.com\/produit\/g5-15-gaming-laptop\/#breadcrumb"},"inLanguage":"ar","potentialAction":[{"@type":"ReadAction","target":["https:\/\/tay-sir.com\/produit\/g5-15-gaming-laptop\/"]}]},{"@type":"ImageObject","inLanguage":"ar","@id":"https:\/\/tay-sir.com\/produit\/g5-15-gaming-laptop\/#primaryimage","url":"https:\/\/tay-sir.com\/wp-content\/uploads\/2024\/11\/G5-15-Gaming-Laptop.jpg","contentUrl":"https:\/\/tay-sir.com\/wp-content\/uploads\/2024\/11\/G5-15-Gaming-Laptop.jpg","width":500,"height":500},{"@type":"BreadcrumbList","@id":"https:\/\/tay-sir.com\/produit\/g5-15-gaming-laptop\/#breadcrumb","itemListElement":[{"@type":"ListItem","position":1,"name":"Home","item":"https:\/\/tay-sir.com\/ar\/"},{"@type":"ListItem","position":2,"name":"Boutique","item":"https:\/\/tay-sir.com\/boutique\/"},{"@type":"ListItem","position":3,"name":"G5 15 Gaming Laptop"}]},{"@type":"WebSite","@id":"https:\/\/tay-sir.com\/ar\/#website","url":"https:\/\/tay-sir.com\/ar\/","name":"TAY-SIR.com","description":"plateforme e-commerce avec financement islamique digital en ligne","publisher":{"@id":"https:\/\/tay-sir.com\/ar\/#organization"},"potentialAction":[{"@type":"SearchAction","target":{"@type":"EntryPoint","urlTemplate":"https:\/\/tay-sir.com\/ar\/?s={search_term_string}"},"query-input":{"@type":"PropertyValueSpecification","valueRequired":true,"valueName":"search_term_string"}}],"inLanguage":"ar"},{"@type":"Organization","@id":"https:\/\/tay-sir.com\/ar\/#organization","name":"Taysir","url":"https:\/\/tay-sir.com\/ar\/","logo":{"@type":"ImageObject","inLanguage":"ar","@id":"https:\/\/tay-sir.com\/ar\/#\/schema\/logo\/image\/","url":"https:\/\/tay-sir.com\/wp-content\/uploads\/2024\/10\/profil.jpg","contentUrl":"https:\/\/tay-sir.com\/wp-content\/uploads\/2024\/10\/profil.jpg","width":1024,"height":1024,"caption":"Taysir"},"image":{"@id":"https:\/\/tay-sir.com\/ar\/#\/schema\/logo\/image\/"},"sameAs":["https:\/\/www.facebook.com\/profile.php?id=61566201523117","https:\/\/www.tiktok.com\/@taysir31000?fbclid=IwY2xjawFor1xleHRuA2FlbQIxMAABHQqa6Ko0Z_QFAZb-7Bltxo0G0y0YuIXxVxPenEAWDkGyOgZp7D3Bq1oJAA_aem_TiTB-X9kxzhzORQbwqQiYw","https:\/\/www.instagram.com\/taysirfacilite\/"]}]}},"_links":{"self":[{"href":"https:\/\/tay-sir.com\/ar\/wp-json\/wp\/v2\/product\/32814","targetHints":{"allow":["GET"]}}],"collection":[{"href":"https:\/\/tay-sir.com\/ar\/wp-json\/wp\/v2\/product"}],"about":[{"href":"https:\/\/tay-sir.com\/ar\/wp-json\/wp\/v2\/types\/product"}],"replies":[{"embeddable":true,"href":"https:\/\/tay-sir.com\/ar\/wp-json\/wp\/v2\/comments?post=32814"}],"version-history":[{"count":1,"href":"https:\/\/tay-sir.com\/ar\/wp-json\/wp\/v2\/product\/32814\/revisions"}],"predecessor-version":[{"id":32823,"href":"https:\/\/tay-sir.com\/ar\/wp-json\/wp\/v2\/product\/32814\/revisions\/32823"}],"wp:featuredmedia":[{"embeddable":true,"href":"https:\/\/tay-sir.com\/ar\/wp-json\/wp\/v2\/media\/32821"}],"wp:attachment":[{"href":"https:\/\/tay-sir.com\/ar\/wp-json\/wp\/v2\/media?parent=32814"}],"wp:term":[{"taxonomy":"product_brand","embeddable":true,"href":"https:\/\/tay-sir.com\/ar\/wp-json\/wp\/v2\/product_brand?post=32814"},{"taxonomy":"product_cat","embeddable":true,"href":"https:\/\/tay-sir.com\/ar\/wp-json\/wp\/v2\/product_cat?post=32814"},{"taxonomy":"product_tag","embeddable":true,"href":"https:\/\/tay-sir.com\/ar\/wp-json\/wp\/v2\/product_tag?post=32814"}],"curies":[{"name":"wp","href":"https:\/\/api.w.org\/{rel}","templated":true}]}}