{"id":32824,"date":"2024-11-06T15:45:18","date_gmt":"2024-11-06T14:45:18","guid":{"rendered":"https:\/\/tay-sir.com\/?post_type=product&#038;p=32824"},"modified":"2024-11-06T15:47:48","modified_gmt":"2024-11-06T14:47:48","slug":"msi-sword-15-a11ud","status":"publish","type":"product","link":"https:\/\/tay-sir.com\/ar\/product\/msi-sword-15-a11ud\/","title":{"rendered":"MSI Sword 15 A11UD"},"content":{"rendered":"<p>**MSI Sword 15 A11UD (S\u00e9rie Sword 15)**<\/p>\n<p>&#8211; **Processeur** : Intel Core i7-11800H, 8 c\u0153urs, fr\u00e9quence de base 2.3 GHz, jusqu&rsquo;\u00e0 4.6 GHz, Tiger Lake-H<br \/>\n&#8211; **Carte graphique** : NVIDIA GeForce RTX 3050 Ti GPU (4 Go VRAM), fr\u00e9quence de base 1785 MHz, 60 W TDP, m\u00e9moire GDDR6<br \/>\n&#8211; **M\u00e9moire** : 16 Go DDR4-3200<br \/>\n&#8211; **\u00c9cran** : 15,6 pouces, r\u00e9solution 1920 x 1080 pixels (141 PPI), technologie IPS, taux de rafra\u00eechissement 144 Hz, format 16:9<br \/>\n&#8211; **Carte m\u00e8re** : Intel HM570<br \/>\n&#8211; **Stockage** : SSD de 512 Go<br \/>\n&#8211; **Connectivit\u00e9** :<br \/>\n&#8211; Ports : 1 USB 2.0, 2 USB 3.0\/3.1 Gen1, 1 HDMI, USB-C<br \/>\n&#8211; Audio : prise casque 3,5 mm<br \/>\n&#8211; R\u00e9seau : LAN 10\/100\/1000, Wi-Fi (802.11 a\/b\/g\/n\/ac\/ax), Bluetooth 5.2<br \/>\n&#8211; **Dimensions** : 24,9 mm x 359 mm x 259 mm (hauteur x largeur x profondeur)<br \/>\n&#8211; **Batterie** : 53,5 Wh<br \/>\n&#8211; **Syst\u00e8me d&rsquo;exploitation** : Microsoft Windows 10 Home 64 bits<br \/>\n&#8211; **Cam\u00e9ra** : Webcam HD (30fps@720p)<br \/>\n&#8211; **Caract\u00e9ristiques suppl\u00e9mentaires** : Haut-parleurs st\u00e9r\u00e9o, clavier chiclet avec r\u00e9tro\u00e9clairage<br \/>\n&#8211; **Poids** : 2,3 kg (5,07 lb)<\/p>","protected":false},"excerpt":{"rendered":"<p>**MSI Sword 15 A11UD (S\u00e9rie Sword 15)** &#8211; **Processeur** : Intel Core i7-11800H, 8 c\u0153urs, fr\u00e9quence de base 2.3 GHz,<\/p>","protected":false},"featured_media":32825,"comment_status":"open","ping_status":"closed","template":"","meta":[],"product_brand":[],"product_cat":[30],"product_tag":[],"class_list":{"0":"post-32824","1":"product","2":"type-product","3":"status-publish","4":"has-post-thumbnail","6":"product_cat-materiel-informatique","8":"first","9":"instock","10":"shipping-taxable","11":"purchasable","12":"product-type-variable"},"yoast_head":"<!-- This site is optimized with the Yoast SEO plugin v24.9 - https:\/\/yoast.com\/wordpress\/plugins\/seo\/ -->\n<title>MSI Sword 15 A11UD - Maslak<\/title>\n<meta name=\"robots\" content=\"index, follow, max-snippet:-1, max-image-preview:large, max-video-preview:-1\" \/>\n<link rel=\"canonical\" href=\"https:\/\/tay-sir.com\/ar\/product\/msi-sword-15-a11ud\/\" \/>\n<meta property=\"og:locale\" content=\"ar_AR\" \/>\n<meta property=\"og:type\" content=\"article\" \/>\n<meta property=\"og:title\" content=\"MSI Sword 15 A11UD - Maslak\" \/>\n<meta property=\"og:description\" content=\"**MSI Sword 15 A11UD (S\u00e9rie Sword 15)** &#8211; **Processeur** : Intel Core i7-11800H, 8 c\u0153urs, fr\u00e9quence de base 2.3 GHz,\" \/>\n<meta property=\"og:url\" content=\"https:\/\/tay-sir.com\/ar\/product\/msi-sword-15-a11ud\/\" \/>\n<meta property=\"og:site_name\" content=\"Maslak\" \/>\n<meta property=\"article:publisher\" content=\"https:\/\/www.facebook.com\/profile.php?id=61566201523117\" \/>\n<meta property=\"article:modified_time\" content=\"2024-11-06T14:47:48+00:00\" \/>\n<meta property=\"og:image\" content=\"https:\/\/tay-sir.com\/wp-content\/uploads\/2024\/11\/MSI-sword.jpg\" \/>\n\t<meta property=\"og:image:width\" content=\"500\" \/>\n\t<meta property=\"og:image:height\" content=\"500\" \/>\n\t<meta property=\"og:image:type\" content=\"image\/jpeg\" \/>\n<meta name=\"twitter:card\" content=\"summary_large_image\" \/>\n<meta name=\"twitter:label1\" content=\"\u0648\u0642\u062a \u0627\u0644\u0642\u0631\u0627\u0621\u0629 \u0627\u0644\u0645\u064f\u0642\u062f\u0651\u0631\" \/>\n\t<meta name=\"twitter:data1\" content=\"\u062f\u0642\u064a\u0642\u0629 \u0648\u0627\u062d\u062f\u0629\" \/>\n<script type=\"application\/ld+json\" class=\"yoast-schema-graph\">{\"@context\":\"https:\/\/schema.org\",\"@graph\":[{\"@type\":\"WebPage\",\"@id\":\"https:\/\/tay-sir.com\/produit\/msi-sword-15-a11ud\/\",\"url\":\"https:\/\/tay-sir.com\/produit\/msi-sword-15-a11ud\/\",\"name\":\"MSI Sword 15 A11UD - Maslak\",\"isPartOf\":{\"@id\":\"https:\/\/tay-sir.com\/ar\/#website\"},\"primaryImageOfPage\":{\"@id\":\"https:\/\/tay-sir.com\/produit\/msi-sword-15-a11ud\/#primaryimage\"},\"image\":{\"@id\":\"https:\/\/tay-sir.com\/produit\/msi-sword-15-a11ud\/#primaryimage\"},\"thumbnailUrl\":\"https:\/\/tay-sir.com\/wp-content\/uploads\/2024\/11\/MSI-sword.jpg\",\"datePublished\":\"2024-11-06T14:45:18+00:00\",\"dateModified\":\"2024-11-06T14:47:48+00:00\",\"breadcrumb\":{\"@id\":\"https:\/\/tay-sir.com\/produit\/msi-sword-15-a11ud\/#breadcrumb\"},\"inLanguage\":\"ar\",\"potentialAction\":[{\"@type\":\"ReadAction\",\"target\":[\"https:\/\/tay-sir.com\/produit\/msi-sword-15-a11ud\/\"]}]},{\"@type\":\"ImageObject\",\"inLanguage\":\"ar\",\"@id\":\"https:\/\/tay-sir.com\/produit\/msi-sword-15-a11ud\/#primaryimage\",\"url\":\"https:\/\/tay-sir.com\/wp-content\/uploads\/2024\/11\/MSI-sword.jpg\",\"contentUrl\":\"https:\/\/tay-sir.com\/wp-content\/uploads\/2024\/11\/MSI-sword.jpg\",\"width\":500,\"height\":500},{\"@type\":\"BreadcrumbList\",\"@id\":\"https:\/\/tay-sir.com\/produit\/msi-sword-15-a11ud\/#breadcrumb\",\"itemListElement\":[{\"@type\":\"ListItem\",\"position\":1,\"name\":\"Home\",\"item\":\"https:\/\/tay-sir.com\/ar\/\"},{\"@type\":\"ListItem\",\"position\":2,\"name\":\"Boutique\",\"item\":\"https:\/\/tay-sir.com\/boutique\/\"},{\"@type\":\"ListItem\",\"position\":3,\"name\":\"MSI Sword 15 A11UD\"}]},{\"@type\":\"WebSite\",\"@id\":\"https:\/\/tay-sir.com\/ar\/#website\",\"url\":\"https:\/\/tay-sir.com\/ar\/\",\"name\":\"TAY-SIR.com\",\"description\":\"plateforme e-commerce avec financement islamique digital en ligne\",\"publisher\":{\"@id\":\"https:\/\/tay-sir.com\/ar\/#organization\"},\"potentialAction\":[{\"@type\":\"SearchAction\",\"target\":{\"@type\":\"EntryPoint\",\"urlTemplate\":\"https:\/\/tay-sir.com\/ar\/?s={search_term_string}\"},\"query-input\":{\"@type\":\"PropertyValueSpecification\",\"valueRequired\":true,\"valueName\":\"search_term_string\"}}],\"inLanguage\":\"ar\"},{\"@type\":\"Organization\",\"@id\":\"https:\/\/tay-sir.com\/ar\/#organization\",\"name\":\"Taysir\",\"url\":\"https:\/\/tay-sir.com\/ar\/\",\"logo\":{\"@type\":\"ImageObject\",\"inLanguage\":\"ar\",\"@id\":\"https:\/\/tay-sir.com\/ar\/#\/schema\/logo\/image\/\",\"url\":\"https:\/\/tay-sir.com\/wp-content\/uploads\/2024\/10\/profil.jpg\",\"contentUrl\":\"https:\/\/tay-sir.com\/wp-content\/uploads\/2024\/10\/profil.jpg\",\"width\":1024,\"height\":1024,\"caption\":\"Taysir\"},\"image\":{\"@id\":\"https:\/\/tay-sir.com\/ar\/#\/schema\/logo\/image\/\"},\"sameAs\":[\"https:\/\/www.facebook.com\/profile.php?id=61566201523117\",\"https:\/\/www.tiktok.com\/@taysir31000?fbclid=IwY2xjawFor1xleHRuA2FlbQIxMAABHQqa6Ko0Z_QFAZb-7Bltxo0G0y0YuIXxVxPenEAWDkGyOgZp7D3Bq1oJAA_aem_TiTB-X9kxzhzORQbwqQiYw\",\"https:\/\/www.instagram.com\/taysirfacilite\/\"]}]}<\/script>\n<!-- \/ Yoast SEO plugin. -->","yoast_head_json":{"title":"MSI Sword 15 A11UD - Maslak","robots":{"index":"index","follow":"follow","max-snippet":"max-snippet:-1","max-image-preview":"max-image-preview:large","max-video-preview":"max-video-preview:-1"},"canonical":"https:\/\/tay-sir.com\/ar\/product\/msi-sword-15-a11ud\/","og_locale":"ar_AR","og_type":"article","og_title":"MSI Sword 15 A11UD - Maslak","og_description":"**MSI Sword 15 A11UD (S\u00e9rie Sword 15)** &#8211; **Processeur** : Intel Core i7-11800H, 8 c\u0153urs, fr\u00e9quence de base 2.3 GHz,","og_url":"https:\/\/tay-sir.com\/ar\/product\/msi-sword-15-a11ud\/","og_site_name":"Maslak","article_publisher":"https:\/\/www.facebook.com\/profile.php?id=61566201523117","article_modified_time":"2024-11-06T14:47:48+00:00","og_image":[{"width":500,"height":500,"url":"https:\/\/tay-sir.com\/wp-content\/uploads\/2024\/11\/MSI-sword.jpg","type":"image\/jpeg"}],"twitter_card":"summary_large_image","twitter_misc":{"\u0648\u0642\u062a \u0627\u0644\u0642\u0631\u0627\u0621\u0629 \u0627\u0644\u0645\u064f\u0642\u062f\u0651\u0631":"\u062f\u0642\u064a\u0642\u0629 \u0648\u0627\u062d\u062f\u0629"},"schema":{"@context":"https:\/\/schema.org","@graph":[{"@type":"WebPage","@id":"https:\/\/tay-sir.com\/produit\/msi-sword-15-a11ud\/","url":"https:\/\/tay-sir.com\/produit\/msi-sword-15-a11ud\/","name":"MSI Sword 15 A11UD - Maslak","isPartOf":{"@id":"https:\/\/tay-sir.com\/ar\/#website"},"primaryImageOfPage":{"@id":"https:\/\/tay-sir.com\/produit\/msi-sword-15-a11ud\/#primaryimage"},"image":{"@id":"https:\/\/tay-sir.com\/produit\/msi-sword-15-a11ud\/#primaryimage"},"thumbnailUrl":"https:\/\/tay-sir.com\/wp-content\/uploads\/2024\/11\/MSI-sword.jpg","datePublished":"2024-11-06T14:45:18+00:00","dateModified":"2024-11-06T14:47:48+00:00","breadcrumb":{"@id":"https:\/\/tay-sir.com\/produit\/msi-sword-15-a11ud\/#breadcrumb"},"inLanguage":"ar","potentialAction":[{"@type":"ReadAction","target":["https:\/\/tay-sir.com\/produit\/msi-sword-15-a11ud\/"]}]},{"@type":"ImageObject","inLanguage":"ar","@id":"https:\/\/tay-sir.com\/produit\/msi-sword-15-a11ud\/#primaryimage","url":"https:\/\/tay-sir.com\/wp-content\/uploads\/2024\/11\/MSI-sword.jpg","contentUrl":"https:\/\/tay-sir.com\/wp-content\/uploads\/2024\/11\/MSI-sword.jpg","width":500,"height":500},{"@type":"BreadcrumbList","@id":"https:\/\/tay-sir.com\/produit\/msi-sword-15-a11ud\/#breadcrumb","itemListElement":[{"@type":"ListItem","position":1,"name":"Home","item":"https:\/\/tay-sir.com\/ar\/"},{"@type":"ListItem","position":2,"name":"Boutique","item":"https:\/\/tay-sir.com\/boutique\/"},{"@type":"ListItem","position":3,"name":"MSI Sword 15 A11UD"}]},{"@type":"WebSite","@id":"https:\/\/tay-sir.com\/ar\/#website","url":"https:\/\/tay-sir.com\/ar\/","name":"TAY-SIR.com","description":"plateforme e-commerce avec financement islamique digital en ligne","publisher":{"@id":"https:\/\/tay-sir.com\/ar\/#organization"},"potentialAction":[{"@type":"SearchAction","target":{"@type":"EntryPoint","urlTemplate":"https:\/\/tay-sir.com\/ar\/?s={search_term_string}"},"query-input":{"@type":"PropertyValueSpecification","valueRequired":true,"valueName":"search_term_string"}}],"inLanguage":"ar"},{"@type":"Organization","@id":"https:\/\/tay-sir.com\/ar\/#organization","name":"Taysir","url":"https:\/\/tay-sir.com\/ar\/","logo":{"@type":"ImageObject","inLanguage":"ar","@id":"https:\/\/tay-sir.com\/ar\/#\/schema\/logo\/image\/","url":"https:\/\/tay-sir.com\/wp-content\/uploads\/2024\/10\/profil.jpg","contentUrl":"https:\/\/tay-sir.com\/wp-content\/uploads\/2024\/10\/profil.jpg","width":1024,"height":1024,"caption":"Taysir"},"image":{"@id":"https:\/\/tay-sir.com\/ar\/#\/schema\/logo\/image\/"},"sameAs":["https:\/\/www.facebook.com\/profile.php?id=61566201523117","https:\/\/www.tiktok.com\/@taysir31000?fbclid=IwY2xjawFor1xleHRuA2FlbQIxMAABHQqa6Ko0Z_QFAZb-7Bltxo0G0y0YuIXxVxPenEAWDkGyOgZp7D3Bq1oJAA_aem_TiTB-X9kxzhzORQbwqQiYw","https:\/\/www.instagram.com\/taysirfacilite\/"]}]}},"_links":{"self":[{"href":"https:\/\/tay-sir.com\/ar\/wp-json\/wp\/v2\/product\/32824","targetHints":{"allow":["GET"]}}],"collection":[{"href":"https:\/\/tay-sir.com\/ar\/wp-json\/wp\/v2\/product"}],"about":[{"href":"https:\/\/tay-sir.com\/ar\/wp-json\/wp\/v2\/types\/product"}],"replies":[{"embeddable":true,"href":"https:\/\/tay-sir.com\/ar\/wp-json\/wp\/v2\/comments?post=32824"}],"version-history":[{"count":1,"href":"https:\/\/tay-sir.com\/ar\/wp-json\/wp\/v2\/product\/32824\/revisions"}],"predecessor-version":[{"id":32828,"href":"https:\/\/tay-sir.com\/ar\/wp-json\/wp\/v2\/product\/32824\/revisions\/32828"}],"wp:featuredmedia":[{"embeddable":true,"href":"https:\/\/tay-sir.com\/ar\/wp-json\/wp\/v2\/media\/32825"}],"wp:attachment":[{"href":"https:\/\/tay-sir.com\/ar\/wp-json\/wp\/v2\/media?parent=32824"}],"wp:term":[{"taxonomy":"product_brand","embeddable":true,"href":"https:\/\/tay-sir.com\/ar\/wp-json\/wp\/v2\/product_brand?post=32824"},{"taxonomy":"product_cat","embeddable":true,"href":"https:\/\/tay-sir.com\/ar\/wp-json\/wp\/v2\/product_cat?post=32824"},{"taxonomy":"product_tag","embeddable":true,"href":"https:\/\/tay-sir.com\/ar\/wp-json\/wp\/v2\/product_tag?post=32824"}],"curies":[{"name":"wp","href":"https:\/\/api.w.org\/{rel}","templated":true}]}}