{"id":32857,"date":"2024-11-06T16:06:57","date_gmt":"2024-11-06T15:06:57","guid":{"rendered":"https:\/\/tay-sir.com\/?post_type=product&#038;p=32857"},"modified":"2025-01-29T14:43:34","modified_gmt":"2025-01-29T13:43:34","slug":"dell-vostro-3530-laptop","status":"publish","type":"product","link":"https:\/\/tay-sir.com\/ar\/product\/dell-vostro-3530-laptop\/","title":{"rendered":"Dell Vostro 3530 Laptop"},"content":{"rendered":"<p>**Options de Processeur**<br \/>\n&#8211; **Intel\u00ae Core\u2122 i5-1335U** (13e g\u00e9n\u00e9ration) : Cache de 12 Mo, 10 c\u0153urs (2 c\u0153urs de performance, 8 c\u0153urs d&rsquo;efficacit\u00e9), 12 threads. Vitesses : 1,30-4,60 GHz (c\u0153urs de performance), 0,90-3,40 GHz (c\u0153urs d&rsquo;efficacit\u00e9), TDP de 15W.<br \/>\n&#8211; **Intel\u00ae Core\u2122 i7-1355U** (13e g\u00e9n\u00e9ration) : Cache de 12 Mo, 10 c\u0153urs (2 c\u0153urs de performance, 8 c\u0153urs d&rsquo;efficacit\u00e9), 12 threads. Vitesses : 1,70-5,00 GHz (c\u0153urs de performance), 1,20-3,70 GHz (c\u0153urs d&rsquo;efficacit\u00e9), TDP de 15W.<br \/>\n&#8211; **Intel\u00ae Core\u2122 i3-1305U** (13e g\u00e9n\u00e9ration) : Cache de 10 Mo, 5 c\u0153urs (1 c\u0153ur de performance, 4 c\u0153urs d&rsquo;efficacit\u00e9), 6 threads. Vitesses : 1,60-4,50 GHz (c\u0153urs de performance), 1,20-3,30 GHz (c\u0153urs d&rsquo;efficacit\u00e9), TDP de 15W.<br \/>\n&#8211; **Intel\u00ae Processor U300** : Cache de 8 Mo, 5 c\u0153urs (1 c\u0153ur de performance, 4 c\u0153urs d&rsquo;efficacit\u00e9), 6 threads. Vitesses : 1,20-4,40 GHz (c\u0153urs de performance), 0,90-3,30 GHz (c\u0153urs d&rsquo;efficacit\u00e9), TDP de 15W.<\/p>\n<p>&#8212;<\/p>\n<p>**Options de Syst\u00e8me d&rsquo;Exploitation**<br \/>\n&#8211; **Windows 11 Pro** (recommand\u00e9 pour les entreprises)<br \/>\n&#8211; **Windows 11 Pro National Academic**<br \/>\n&#8211; **Windows 11 Home**<br \/>\n&#8211; **Ubuntu\u00ae 22.04 LTS** (64 bits)<\/p>\n<p>&#8212;<\/p>\n<p>**Options de Carte Graphique**<br \/>\n&#8211; **D\u00e9di\u00e9e** : NVIDIA\u00ae GeForce MX550, 2 Go GDDR6<br \/>\n&#8211; **Int\u00e9gr\u00e9e** : Intel\u00ae UHD Graphics ou Intel\u00ae Iris\u00ae Xe Graphics<\/p>\n<p>&#8212;<\/p>\n<p>**\u00c9cran**<br \/>\n&#8211; **Taille et R\u00e9solution** : 15,6 pouces, Full HD (1920 x 1080)<br \/>\n&#8211; **Fr\u00e9quence de Rafra\u00eechissement** : 120 Hz<br \/>\n&#8211; **Traitement** : Antireflet, non tactile<br \/>\n&#8211; **Gamme de Couleurs** : 45 % NTSC<br \/>\n&#8211; **Luminosit\u00e9** : 250 nits, avec technologie IPS (in-plane switching)<\/p>\n<p>&#8212;<\/p>\n<p>**Options de M\u00e9moire**<br \/>\n&#8211; 4 Go (1 x 4 Go), DDR4, 3200 MHz<br \/>\n&#8211; 8 Go (2 x 4 Go ou 1 x 8 Go), DDR4, 3200 MHz, double canal<br \/>\n&#8211; 12 Go (1 x 4 Go + 1 x 8 Go), DDR4, 3200 MHz, double canal<br \/>\n&#8211; 16 Go (2 x 8 Go ou 1 x 16 Go), DDR4, 3200 MHz, double canal<\/p>\n<p>&#8212;<\/p>\n<p>**Options de Stockage**<br \/>\n&#8211; **SSD PCIe NVMe** aux formats **M.2 2230** et **M.2 2280**, options disponibles :<br \/>\n&#8211; 256 Go, 512 Go, 1 To ou 2 To<\/p>\n<p>&#8212;<\/p>\n<p>**Options de Couleur**<br \/>\n&#8211; **Noir Carbone**<br \/>\n&#8211; **Gris Titane**<\/p>\n<p>&nbsp;<\/p>","protected":false},"excerpt":{"rendered":"<p>**Options de Processeur** &#8211; **Intel\u00ae Core\u2122 i5-1335U** (13e g\u00e9n\u00e9ration) : Cache de 12 Mo, 10 c\u0153urs (2 c\u0153urs de performance,<\/p>","protected":false},"featured_media":32858,"comment_status":"open","ping_status":"closed","template":"","meta":[],"product_brand":[],"product_cat":[30],"product_tag":[],"class_list":{"0":"post-32857","1":"product","2":"type-product","3":"status-publish","4":"has-post-thumbnail","6":"product_cat-materiel-informatique","8":"first","9":"instock","10":"shipping-taxable","11":"purchasable","12":"product-type-variable"},"yoast_head":"<!-- This site is optimized with the Yoast SEO plugin v24.9 - https:\/\/yoast.com\/wordpress\/plugins\/seo\/ -->\n<title>Dell Vostro 3530 Laptop - Maslak<\/title>\n<meta name=\"robots\" content=\"index, follow, max-snippet:-1, max-image-preview:large, max-video-preview:-1\" \/>\n<link rel=\"canonical\" href=\"https:\/\/tay-sir.com\/ar\/product\/dell-vostro-3530-laptop\/\" \/>\n<meta property=\"og:locale\" content=\"ar_AR\" \/>\n<meta property=\"og:type\" content=\"article\" \/>\n<meta property=\"og:title\" content=\"Dell Vostro 3530 Laptop - Maslak\" \/>\n<meta property=\"og:description\" content=\"**Options de Processeur** &#8211; **Intel\u00ae Core\u2122 i5-1335U** (13e g\u00e9n\u00e9ration) : Cache de 12 Mo, 10 c\u0153urs (2 c\u0153urs de performance,\" \/>\n<meta property=\"og:url\" content=\"https:\/\/tay-sir.com\/ar\/product\/dell-vostro-3530-laptop\/\" \/>\n<meta property=\"og:site_name\" content=\"Maslak\" \/>\n<meta property=\"article:publisher\" content=\"https:\/\/www.facebook.com\/profile.php?id=61566201523117\" \/>\n<meta property=\"article:modified_time\" content=\"2025-01-29T13:43:34+00:00\" \/>\n<meta property=\"og:image\" content=\"https:\/\/tay-sir.com\/wp-content\/uploads\/2024\/11\/Dell-vostro-3530-laptop.jpg\" \/>\n\t<meta property=\"og:image:width\" content=\"500\" \/>\n\t<meta property=\"og:image:height\" content=\"500\" \/>\n\t<meta property=\"og:image:type\" content=\"image\/jpeg\" \/>\n<meta name=\"twitter:card\" content=\"summary_large_image\" \/>\n<meta name=\"twitter:label1\" content=\"\u0648\u0642\u062a \u0627\u0644\u0642\u0631\u0627\u0621\u0629 \u0627\u0644\u0645\u064f\u0642\u062f\u0651\u0631\" \/>\n\t<meta name=\"twitter:data1\" content=\"\u062f\u0642\u064a\u0642\u062a\u0627\u0646\" \/>\n<script type=\"application\/ld+json\" class=\"yoast-schema-graph\">{\"@context\":\"https:\/\/schema.org\",\"@graph\":[{\"@type\":\"WebPage\",\"@id\":\"https:\/\/tay-sir.com\/produit\/dell-vostro-3530-laptop\/\",\"url\":\"https:\/\/tay-sir.com\/produit\/dell-vostro-3530-laptop\/\",\"name\":\"Dell Vostro 3530 Laptop - Maslak\",\"isPartOf\":{\"@id\":\"https:\/\/tay-sir.com\/ar\/#website\"},\"primaryImageOfPage\":{\"@id\":\"https:\/\/tay-sir.com\/produit\/dell-vostro-3530-laptop\/#primaryimage\"},\"image\":{\"@id\":\"https:\/\/tay-sir.com\/produit\/dell-vostro-3530-laptop\/#primaryimage\"},\"thumbnailUrl\":\"https:\/\/tay-sir.com\/wp-content\/uploads\/2024\/11\/Dell-vostro-3530-laptop.jpg\",\"datePublished\":\"2024-11-06T15:06:57+00:00\",\"dateModified\":\"2025-01-29T13:43:34+00:00\",\"breadcrumb\":{\"@id\":\"https:\/\/tay-sir.com\/produit\/dell-vostro-3530-laptop\/#breadcrumb\"},\"inLanguage\":\"ar\",\"potentialAction\":[{\"@type\":\"ReadAction\",\"target\":[\"https:\/\/tay-sir.com\/produit\/dell-vostro-3530-laptop\/\"]}]},{\"@type\":\"ImageObject\",\"inLanguage\":\"ar\",\"@id\":\"https:\/\/tay-sir.com\/produit\/dell-vostro-3530-laptop\/#primaryimage\",\"url\":\"https:\/\/tay-sir.com\/wp-content\/uploads\/2024\/11\/Dell-vostro-3530-laptop.jpg\",\"contentUrl\":\"https:\/\/tay-sir.com\/wp-content\/uploads\/2024\/11\/Dell-vostro-3530-laptop.jpg\",\"width\":500,\"height\":500},{\"@type\":\"BreadcrumbList\",\"@id\":\"https:\/\/tay-sir.com\/produit\/dell-vostro-3530-laptop\/#breadcrumb\",\"itemListElement\":[{\"@type\":\"ListItem\",\"position\":1,\"name\":\"Home\",\"item\":\"https:\/\/tay-sir.com\/ar\/\"},{\"@type\":\"ListItem\",\"position\":2,\"name\":\"Boutique\",\"item\":\"https:\/\/tay-sir.com\/boutique\/\"},{\"@type\":\"ListItem\",\"position\":3,\"name\":\"Dell Vostro 3530 Laptop\"}]},{\"@type\":\"WebSite\",\"@id\":\"https:\/\/tay-sir.com\/ar\/#website\",\"url\":\"https:\/\/tay-sir.com\/ar\/\",\"name\":\"TAY-SIR.com\",\"description\":\"plateforme e-commerce avec financement islamique digital en ligne\",\"publisher\":{\"@id\":\"https:\/\/tay-sir.com\/ar\/#organization\"},\"potentialAction\":[{\"@type\":\"SearchAction\",\"target\":{\"@type\":\"EntryPoint\",\"urlTemplate\":\"https:\/\/tay-sir.com\/ar\/?s={search_term_string}\"},\"query-input\":{\"@type\":\"PropertyValueSpecification\",\"valueRequired\":true,\"valueName\":\"search_term_string\"}}],\"inLanguage\":\"ar\"},{\"@type\":\"Organization\",\"@id\":\"https:\/\/tay-sir.com\/ar\/#organization\",\"name\":\"Taysir\",\"url\":\"https:\/\/tay-sir.com\/ar\/\",\"logo\":{\"@type\":\"ImageObject\",\"inLanguage\":\"ar\",\"@id\":\"https:\/\/tay-sir.com\/ar\/#\/schema\/logo\/image\/\",\"url\":\"https:\/\/tay-sir.com\/wp-content\/uploads\/2024\/10\/profil.jpg\",\"contentUrl\":\"https:\/\/tay-sir.com\/wp-content\/uploads\/2024\/10\/profil.jpg\",\"width\":1024,\"height\":1024,\"caption\":\"Taysir\"},\"image\":{\"@id\":\"https:\/\/tay-sir.com\/ar\/#\/schema\/logo\/image\/\"},\"sameAs\":[\"https:\/\/www.facebook.com\/profile.php?id=61566201523117\",\"https:\/\/www.tiktok.com\/@taysir31000?fbclid=IwY2xjawFor1xleHRuA2FlbQIxMAABHQqa6Ko0Z_QFAZb-7Bltxo0G0y0YuIXxVxPenEAWDkGyOgZp7D3Bq1oJAA_aem_TiTB-X9kxzhzORQbwqQiYw\",\"https:\/\/www.instagram.com\/taysirfacilite\/\"]}]}<\/script>\n<!-- \/ Yoast SEO plugin. -->","yoast_head_json":{"title":"Dell Vostro 3530 Laptop - Maslak","robots":{"index":"index","follow":"follow","max-snippet":"max-snippet:-1","max-image-preview":"max-image-preview:large","max-video-preview":"max-video-preview:-1"},"canonical":"https:\/\/tay-sir.com\/ar\/product\/dell-vostro-3530-laptop\/","og_locale":"ar_AR","og_type":"article","og_title":"Dell Vostro 3530 Laptop - Maslak","og_description":"**Options de Processeur** &#8211; **Intel\u00ae Core\u2122 i5-1335U** (13e g\u00e9n\u00e9ration) : Cache de 12 Mo, 10 c\u0153urs (2 c\u0153urs de performance,","og_url":"https:\/\/tay-sir.com\/ar\/product\/dell-vostro-3530-laptop\/","og_site_name":"Maslak","article_publisher":"https:\/\/www.facebook.com\/profile.php?id=61566201523117","article_modified_time":"2025-01-29T13:43:34+00:00","og_image":[{"width":500,"height":500,"url":"https:\/\/tay-sir.com\/wp-content\/uploads\/2024\/11\/Dell-vostro-3530-laptop.jpg","type":"image\/jpeg"}],"twitter_card":"summary_large_image","twitter_misc":{"\u0648\u0642\u062a \u0627\u0644\u0642\u0631\u0627\u0621\u0629 \u0627\u0644\u0645\u064f\u0642\u062f\u0651\u0631":"\u062f\u0642\u064a\u0642\u062a\u0627\u0646"},"schema":{"@context":"https:\/\/schema.org","@graph":[{"@type":"WebPage","@id":"https:\/\/tay-sir.com\/produit\/dell-vostro-3530-laptop\/","url":"https:\/\/tay-sir.com\/produit\/dell-vostro-3530-laptop\/","name":"Dell Vostro 3530 Laptop - Maslak","isPartOf":{"@id":"https:\/\/tay-sir.com\/ar\/#website"},"primaryImageOfPage":{"@id":"https:\/\/tay-sir.com\/produit\/dell-vostro-3530-laptop\/#primaryimage"},"image":{"@id":"https:\/\/tay-sir.com\/produit\/dell-vostro-3530-laptop\/#primaryimage"},"thumbnailUrl":"https:\/\/tay-sir.com\/wp-content\/uploads\/2024\/11\/Dell-vostro-3530-laptop.jpg","datePublished":"2024-11-06T15:06:57+00:00","dateModified":"2025-01-29T13:43:34+00:00","breadcrumb":{"@id":"https:\/\/tay-sir.com\/produit\/dell-vostro-3530-laptop\/#breadcrumb"},"inLanguage":"ar","potentialAction":[{"@type":"ReadAction","target":["https:\/\/tay-sir.com\/produit\/dell-vostro-3530-laptop\/"]}]},{"@type":"ImageObject","inLanguage":"ar","@id":"https:\/\/tay-sir.com\/produit\/dell-vostro-3530-laptop\/#primaryimage","url":"https:\/\/tay-sir.com\/wp-content\/uploads\/2024\/11\/Dell-vostro-3530-laptop.jpg","contentUrl":"https:\/\/tay-sir.com\/wp-content\/uploads\/2024\/11\/Dell-vostro-3530-laptop.jpg","width":500,"height":500},{"@type":"BreadcrumbList","@id":"https:\/\/tay-sir.com\/produit\/dell-vostro-3530-laptop\/#breadcrumb","itemListElement":[{"@type":"ListItem","position":1,"name":"Home","item":"https:\/\/tay-sir.com\/ar\/"},{"@type":"ListItem","position":2,"name":"Boutique","item":"https:\/\/tay-sir.com\/boutique\/"},{"@type":"ListItem","position":3,"name":"Dell Vostro 3530 Laptop"}]},{"@type":"WebSite","@id":"https:\/\/tay-sir.com\/ar\/#website","url":"https:\/\/tay-sir.com\/ar\/","name":"TAY-SIR.com","description":"plateforme e-commerce avec financement islamique digital en ligne","publisher":{"@id":"https:\/\/tay-sir.com\/ar\/#organization"},"potentialAction":[{"@type":"SearchAction","target":{"@type":"EntryPoint","urlTemplate":"https:\/\/tay-sir.com\/ar\/?s={search_term_string}"},"query-input":{"@type":"PropertyValueSpecification","valueRequired":true,"valueName":"search_term_string"}}],"inLanguage":"ar"},{"@type":"Organization","@id":"https:\/\/tay-sir.com\/ar\/#organization","name":"Taysir","url":"https:\/\/tay-sir.com\/ar\/","logo":{"@type":"ImageObject","inLanguage":"ar","@id":"https:\/\/tay-sir.com\/ar\/#\/schema\/logo\/image\/","url":"https:\/\/tay-sir.com\/wp-content\/uploads\/2024\/10\/profil.jpg","contentUrl":"https:\/\/tay-sir.com\/wp-content\/uploads\/2024\/10\/profil.jpg","width":1024,"height":1024,"caption":"Taysir"},"image":{"@id":"https:\/\/tay-sir.com\/ar\/#\/schema\/logo\/image\/"},"sameAs":["https:\/\/www.facebook.com\/profile.php?id=61566201523117","https:\/\/www.tiktok.com\/@taysir31000?fbclid=IwY2xjawFor1xleHRuA2FlbQIxMAABHQqa6Ko0Z_QFAZb-7Bltxo0G0y0YuIXxVxPenEAWDkGyOgZp7D3Bq1oJAA_aem_TiTB-X9kxzhzORQbwqQiYw","https:\/\/www.instagram.com\/taysirfacilite\/"]}]}},"_links":{"self":[{"href":"https:\/\/tay-sir.com\/ar\/wp-json\/wp\/v2\/product\/32857","targetHints":{"allow":["GET"]}}],"collection":[{"href":"https:\/\/tay-sir.com\/ar\/wp-json\/wp\/v2\/product"}],"about":[{"href":"https:\/\/tay-sir.com\/ar\/wp-json\/wp\/v2\/types\/product"}],"replies":[{"embeddable":true,"href":"https:\/\/tay-sir.com\/ar\/wp-json\/wp\/v2\/comments?post=32857"}],"version-history":[{"count":2,"href":"https:\/\/tay-sir.com\/ar\/wp-json\/wp\/v2\/product\/32857\/revisions"}],"predecessor-version":[{"id":32869,"href":"https:\/\/tay-sir.com\/ar\/wp-json\/wp\/v2\/product\/32857\/revisions\/32869"}],"wp:featuredmedia":[{"embeddable":true,"href":"https:\/\/tay-sir.com\/ar\/wp-json\/wp\/v2\/media\/32858"}],"wp:attachment":[{"href":"https:\/\/tay-sir.com\/ar\/wp-json\/wp\/v2\/media?parent=32857"}],"wp:term":[{"taxonomy":"product_brand","embeddable":true,"href":"https:\/\/tay-sir.com\/ar\/wp-json\/wp\/v2\/product_brand?post=32857"},{"taxonomy":"product_cat","embeddable":true,"href":"https:\/\/tay-sir.com\/ar\/wp-json\/wp\/v2\/product_cat?post=32857"},{"taxonomy":"product_tag","embeddable":true,"href":"https:\/\/tay-sir.com\/ar\/wp-json\/wp\/v2\/product_tag?post=32857"}],"curies":[{"name":"wp","href":"https:\/\/api.w.org\/{rel}","templated":true}]}}