{"id":32880,"date":"2024-11-06T16:15:58","date_gmt":"2024-11-06T15:15:58","guid":{"rendered":"https:\/\/tay-sir.com\/?post_type=product&#038;p=32880"},"modified":"2024-11-06T16:22:08","modified_gmt":"2024-11-06T15:22:08","slug":"lenovo-i3-1115g4-04go-1to-15-6%e2%80%b3-f-dos-lenovo-ideapad-l3-15itl6","status":"publish","type":"product","link":"https:\/\/tay-sir.com\/ar\/product\/lenovo-i3-1115g4-04go-1to-15-6%e2%80%b3-f-dos-lenovo-ideapad-l3-15itl6\/","title":{"rendered":"LENOVO I3 1115G4-04GO-1TO-15.6\u2033-F-DOS-LENOVO IDEAPAD L3 15ITL6"},"content":{"rendered":"<p>Processeur Intel Core i3-1115G4 (2 Core \/ 4 Threads, 3,0 GHz jusqu&rsquo;\u00e0 4,1 GHz, 6 Mo de m\u00e9moire cache)<\/p>\n<p>Emplacements m\u00e9moire : Une m\u00e9moire soud\u00e9e \u00e0 la carte syst\u00e8me, un emplacement SO-DIMM DDR4, compatible double canal<\/p>\n<p>M\u00e9moire maximale : Jusqu&rsquo;\u00e0 8 Go (4 Go soud\u00e9s + 4 Go SO-DIMM) DDR4-2933<\/p>\n<p>Disque dur 1 To 5 400 tr\/min 2,5&Prime;<\/p>\n<p>Prise en charge du stockage : Jusqu&rsquo;\u00e0 deux disques, 1 disque dur 2,5&Prime; + 1 disque SSD M.2 \u2022 Disque dur 2,5&Prime; jusqu&rsquo;\u00e0 2 To \u2022 SSD M.2 2242 jusqu&rsquo;\u00e0 512 Go \u2022 SSD M.2 2280 jusqu&rsquo;\u00e0 1 To<\/p>\n<p>\u00c9cran 15,6 pouces HD (1 366 x 768) TN 220 nits, antireflet<\/p>\n<p>Carte graphique Intel UHD int\u00e9gr\u00e9e<\/p>\n<p>Lecteur optique : DVD \u00b1 RW 9,0 mm<\/p>\n<p>Syst\u00e8me audio : Audio haute d\u00e9finition (HD) ; Haut-parleurs st\u00e9r\u00e9o, 1,5 W x2, Dolby Audio<\/p>\n<p>Webcam : Cam\u00e9ra HD 720p avec obturateur de confidentialit\u00e9<\/p>\n<p>R\u00e9seau : Wi-Fi 5(802.11ac) + Bluetooth 5.0 ; Ethernet : 100\/1000M (RJ-45)<\/p>\n<p>Entr\u00e9e(s) Sortoie(s) : 2x USB 3.2 g\u00e9n\u00e9ration 1 1x USB-C 3.2 Gen 1 (prend en charge le transfert de donn\u00e9es uniquement) 1x HDMI 1.4 1x Ethernet (RJ-45) 1x prise combo casque<\/p>\n<p>microphone (3,5 mm) 1x connecteur d&rsquo;alimentation<\/p>\n<p>Clavier non r\u00e9tro\u00e9clair\u00e9, fran\u00e7ais\/arabe<\/p>\n<p>Batterie int\u00e9gr\u00e9e 46W ; Dur\u00e9e de vie maximale de la batterie : MobileMark 2018 : 6,5 heures ; Adaptateur secteur : Pointe ronde 65 W (2 broches, montage mural)<\/p>\n<p>Dimensions : 363 x 254,6 x 22,9 mm<\/p>\n<p>Poids : 2,2 kg<\/p>\n<p>Windows 10 Pro<\/p>","protected":false},"excerpt":{"rendered":"<p>Processeur Intel Core i3-1115G4 (2 Core \/ 4 Threads, 3,0 GHz jusqu&rsquo;\u00e0 4,1 GHz, 6 Mo de m\u00e9moire cache) Emplacements<\/p>","protected":false},"featured_media":32881,"comment_status":"open","ping_status":"closed","template":"","meta":[],"product_brand":[],"product_cat":[30],"product_tag":[],"class_list":{"0":"post-32880","1":"product","2":"type-product","3":"status-publish","4":"has-post-thumbnail","6":"product_cat-materiel-informatique","8":"first","9":"instock","10":"shipping-taxable","11":"purchasable","12":"product-type-variable"},"yoast_head":"<!-- This site is optimized with the Yoast SEO plugin v24.9 - https:\/\/yoast.com\/wordpress\/plugins\/seo\/ -->\n<title>LENOVO I3 1115G4-04GO-1TO-15.6\u2033-F-DOS-LENOVO IDEAPAD L3 15ITL6 - Maslak<\/title>\n<meta name=\"robots\" content=\"index, follow, max-snippet:-1, max-image-preview:large, max-video-preview:-1\" \/>\n<link rel=\"canonical\" href=\"https:\/\/tay-sir.com\/ar\/product\/lenovo-i3-1115g4-04go-1to-15-6\u2033-f-dos-lenovo-ideapad-l3-15itl6\/\" \/>\n<meta property=\"og:locale\" content=\"ar_AR\" \/>\n<meta property=\"og:type\" content=\"article\" \/>\n<meta property=\"og:title\" content=\"LENOVO I3 1115G4-04GO-1TO-15.6\u2033-F-DOS-LENOVO IDEAPAD L3 15ITL6 - Maslak\" \/>\n<meta property=\"og:description\" content=\"Processeur Intel Core i3-1115G4 (2 Core \/ 4 Threads, 3,0 GHz jusqu&rsquo;\u00e0 4,1 GHz, 6 Mo de m\u00e9moire cache) Emplacements\" \/>\n<meta property=\"og:url\" content=\"https:\/\/tay-sir.com\/ar\/product\/lenovo-i3-1115g4-04go-1to-15-6\u2033-f-dos-lenovo-ideapad-l3-15itl6\/\" \/>\n<meta property=\"og:site_name\" content=\"Maslak\" \/>\n<meta property=\"article:publisher\" content=\"https:\/\/www.facebook.com\/profile.php?id=61566201523117\" \/>\n<meta property=\"article:modified_time\" content=\"2024-11-06T15:22:08+00:00\" \/>\n<meta property=\"og:image\" content=\"https:\/\/tay-sir.com\/wp-content\/uploads\/2024\/11\/Lenovo-IDEAPAD-L3-.jpg\" \/>\n\t<meta property=\"og:image:width\" content=\"500\" \/>\n\t<meta property=\"og:image:height\" content=\"500\" \/>\n\t<meta property=\"og:image:type\" content=\"image\/jpeg\" \/>\n<meta name=\"twitter:card\" content=\"summary_large_image\" \/>\n<meta name=\"twitter:label1\" content=\"\u0648\u0642\u062a \u0627\u0644\u0642\u0631\u0627\u0621\u0629 \u0627\u0644\u0645\u064f\u0642\u062f\u0651\u0631\" \/>\n\t<meta name=\"twitter:data1\" content=\"\u062f\u0642\u064a\u0642\u062a\u0627\u0646\" \/>\n<script type=\"application\/ld+json\" class=\"yoast-schema-graph\">{\"@context\":\"https:\/\/schema.org\",\"@graph\":[{\"@type\":\"WebPage\",\"@id\":\"https:\/\/tay-sir.com\/produit\/lenovo-i3-1115g4-04go-1to-15-6%e2%80%b3-f-dos-lenovo-ideapad-l3-15itl6\/\",\"url\":\"https:\/\/tay-sir.com\/produit\/lenovo-i3-1115g4-04go-1to-15-6%e2%80%b3-f-dos-lenovo-ideapad-l3-15itl6\/\",\"name\":\"LENOVO I3 1115G4-04GO-1TO-15.6\u2033-F-DOS-LENOVO IDEAPAD L3 15ITL6 - Maslak\",\"isPartOf\":{\"@id\":\"https:\/\/tay-sir.com\/ar\/#website\"},\"primaryImageOfPage\":{\"@id\":\"https:\/\/tay-sir.com\/produit\/lenovo-i3-1115g4-04go-1to-15-6%e2%80%b3-f-dos-lenovo-ideapad-l3-15itl6\/#primaryimage\"},\"image\":{\"@id\":\"https:\/\/tay-sir.com\/produit\/lenovo-i3-1115g4-04go-1to-15-6%e2%80%b3-f-dos-lenovo-ideapad-l3-15itl6\/#primaryimage\"},\"thumbnailUrl\":\"https:\/\/tay-sir.com\/wp-content\/uploads\/2024\/11\/Lenovo-IDEAPAD-L3-.jpg\",\"datePublished\":\"2024-11-06T15:15:58+00:00\",\"dateModified\":\"2024-11-06T15:22:08+00:00\",\"breadcrumb\":{\"@id\":\"https:\/\/tay-sir.com\/produit\/lenovo-i3-1115g4-04go-1to-15-6%e2%80%b3-f-dos-lenovo-ideapad-l3-15itl6\/#breadcrumb\"},\"inLanguage\":\"ar\",\"potentialAction\":[{\"@type\":\"ReadAction\",\"target\":[\"https:\/\/tay-sir.com\/produit\/lenovo-i3-1115g4-04go-1to-15-6%e2%80%b3-f-dos-lenovo-ideapad-l3-15itl6\/\"]}]},{\"@type\":\"ImageObject\",\"inLanguage\":\"ar\",\"@id\":\"https:\/\/tay-sir.com\/produit\/lenovo-i3-1115g4-04go-1to-15-6%e2%80%b3-f-dos-lenovo-ideapad-l3-15itl6\/#primaryimage\",\"url\":\"https:\/\/tay-sir.com\/wp-content\/uploads\/2024\/11\/Lenovo-IDEAPAD-L3-.jpg\",\"contentUrl\":\"https:\/\/tay-sir.com\/wp-content\/uploads\/2024\/11\/Lenovo-IDEAPAD-L3-.jpg\",\"width\":500,\"height\":500},{\"@type\":\"BreadcrumbList\",\"@id\":\"https:\/\/tay-sir.com\/produit\/lenovo-i3-1115g4-04go-1to-15-6%e2%80%b3-f-dos-lenovo-ideapad-l3-15itl6\/#breadcrumb\",\"itemListElement\":[{\"@type\":\"ListItem\",\"position\":1,\"name\":\"Home\",\"item\":\"https:\/\/tay-sir.com\/ar\/\"},{\"@type\":\"ListItem\",\"position\":2,\"name\":\"Boutique\",\"item\":\"https:\/\/tay-sir.com\/boutique\/\"},{\"@type\":\"ListItem\",\"position\":3,\"name\":\"LENOVO I3 1115G4-04GO-1TO-15.6\u2033-F-DOS-LENOVO IDEAPAD L3 15ITL6\"}]},{\"@type\":\"WebSite\",\"@id\":\"https:\/\/tay-sir.com\/ar\/#website\",\"url\":\"https:\/\/tay-sir.com\/ar\/\",\"name\":\"TAY-SIR.com\",\"description\":\"plateforme e-commerce avec financement islamique digital en ligne\",\"publisher\":{\"@id\":\"https:\/\/tay-sir.com\/ar\/#organization\"},\"potentialAction\":[{\"@type\":\"SearchAction\",\"target\":{\"@type\":\"EntryPoint\",\"urlTemplate\":\"https:\/\/tay-sir.com\/ar\/?s={search_term_string}\"},\"query-input\":{\"@type\":\"PropertyValueSpecification\",\"valueRequired\":true,\"valueName\":\"search_term_string\"}}],\"inLanguage\":\"ar\"},{\"@type\":\"Organization\",\"@id\":\"https:\/\/tay-sir.com\/ar\/#organization\",\"name\":\"Taysir\",\"url\":\"https:\/\/tay-sir.com\/ar\/\",\"logo\":{\"@type\":\"ImageObject\",\"inLanguage\":\"ar\",\"@id\":\"https:\/\/tay-sir.com\/ar\/#\/schema\/logo\/image\/\",\"url\":\"https:\/\/tay-sir.com\/wp-content\/uploads\/2024\/10\/profil.jpg\",\"contentUrl\":\"https:\/\/tay-sir.com\/wp-content\/uploads\/2024\/10\/profil.jpg\",\"width\":1024,\"height\":1024,\"caption\":\"Taysir\"},\"image\":{\"@id\":\"https:\/\/tay-sir.com\/ar\/#\/schema\/logo\/image\/\"},\"sameAs\":[\"https:\/\/www.facebook.com\/profile.php?id=61566201523117\",\"https:\/\/www.tiktok.com\/@taysir31000?fbclid=IwY2xjawFor1xleHRuA2FlbQIxMAABHQqa6Ko0Z_QFAZb-7Bltxo0G0y0YuIXxVxPenEAWDkGyOgZp7D3Bq1oJAA_aem_TiTB-X9kxzhzORQbwqQiYw\",\"https:\/\/www.instagram.com\/taysirfacilite\/\"]}]}<\/script>\n<!-- \/ Yoast SEO plugin. -->","yoast_head_json":{"title":"LENOVO I3 1115G4-04GO-1TO-15.6\u2033-F-DOS-LENOVO IDEAPAD L3 15ITL6 - Maslak","robots":{"index":"index","follow":"follow","max-snippet":"max-snippet:-1","max-image-preview":"max-image-preview:large","max-video-preview":"max-video-preview:-1"},"canonical":"https:\/\/tay-sir.com\/ar\/product\/lenovo-i3-1115g4-04go-1to-15-6\u2033-f-dos-lenovo-ideapad-l3-15itl6\/","og_locale":"ar_AR","og_type":"article","og_title":"LENOVO I3 1115G4-04GO-1TO-15.6\u2033-F-DOS-LENOVO IDEAPAD L3 15ITL6 - Maslak","og_description":"Processeur Intel Core i3-1115G4 (2 Core \/ 4 Threads, 3,0 GHz jusqu&rsquo;\u00e0 4,1 GHz, 6 Mo de m\u00e9moire cache) Emplacements","og_url":"https:\/\/tay-sir.com\/ar\/product\/lenovo-i3-1115g4-04go-1to-15-6\u2033-f-dos-lenovo-ideapad-l3-15itl6\/","og_site_name":"Maslak","article_publisher":"https:\/\/www.facebook.com\/profile.php?id=61566201523117","article_modified_time":"2024-11-06T15:22:08+00:00","og_image":[{"width":500,"height":500,"url":"https:\/\/tay-sir.com\/wp-content\/uploads\/2024\/11\/Lenovo-IDEAPAD-L3-.jpg","type":"image\/jpeg"}],"twitter_card":"summary_large_image","twitter_misc":{"\u0648\u0642\u062a \u0627\u0644\u0642\u0631\u0627\u0621\u0629 \u0627\u0644\u0645\u064f\u0642\u062f\u0651\u0631":"\u062f\u0642\u064a\u0642\u062a\u0627\u0646"},"schema":{"@context":"https:\/\/schema.org","@graph":[{"@type":"WebPage","@id":"https:\/\/tay-sir.com\/produit\/lenovo-i3-1115g4-04go-1to-15-6%e2%80%b3-f-dos-lenovo-ideapad-l3-15itl6\/","url":"https:\/\/tay-sir.com\/produit\/lenovo-i3-1115g4-04go-1to-15-6%e2%80%b3-f-dos-lenovo-ideapad-l3-15itl6\/","name":"LENOVO I3 1115G4-04GO-1TO-15.6\u2033-F-DOS-LENOVO IDEAPAD L3 15ITL6 - Maslak","isPartOf":{"@id":"https:\/\/tay-sir.com\/ar\/#website"},"primaryImageOfPage":{"@id":"https:\/\/tay-sir.com\/produit\/lenovo-i3-1115g4-04go-1to-15-6%e2%80%b3-f-dos-lenovo-ideapad-l3-15itl6\/#primaryimage"},"image":{"@id":"https:\/\/tay-sir.com\/produit\/lenovo-i3-1115g4-04go-1to-15-6%e2%80%b3-f-dos-lenovo-ideapad-l3-15itl6\/#primaryimage"},"thumbnailUrl":"https:\/\/tay-sir.com\/wp-content\/uploads\/2024\/11\/Lenovo-IDEAPAD-L3-.jpg","datePublished":"2024-11-06T15:15:58+00:00","dateModified":"2024-11-06T15:22:08+00:00","breadcrumb":{"@id":"https:\/\/tay-sir.com\/produit\/lenovo-i3-1115g4-04go-1to-15-6%e2%80%b3-f-dos-lenovo-ideapad-l3-15itl6\/#breadcrumb"},"inLanguage":"ar","potentialAction":[{"@type":"ReadAction","target":["https:\/\/tay-sir.com\/produit\/lenovo-i3-1115g4-04go-1to-15-6%e2%80%b3-f-dos-lenovo-ideapad-l3-15itl6\/"]}]},{"@type":"ImageObject","inLanguage":"ar","@id":"https:\/\/tay-sir.com\/produit\/lenovo-i3-1115g4-04go-1to-15-6%e2%80%b3-f-dos-lenovo-ideapad-l3-15itl6\/#primaryimage","url":"https:\/\/tay-sir.com\/wp-content\/uploads\/2024\/11\/Lenovo-IDEAPAD-L3-.jpg","contentUrl":"https:\/\/tay-sir.com\/wp-content\/uploads\/2024\/11\/Lenovo-IDEAPAD-L3-.jpg","width":500,"height":500},{"@type":"BreadcrumbList","@id":"https:\/\/tay-sir.com\/produit\/lenovo-i3-1115g4-04go-1to-15-6%e2%80%b3-f-dos-lenovo-ideapad-l3-15itl6\/#breadcrumb","itemListElement":[{"@type":"ListItem","position":1,"name":"Home","item":"https:\/\/tay-sir.com\/ar\/"},{"@type":"ListItem","position":2,"name":"Boutique","item":"https:\/\/tay-sir.com\/boutique\/"},{"@type":"ListItem","position":3,"name":"LENOVO I3 1115G4-04GO-1TO-15.6\u2033-F-DOS-LENOVO IDEAPAD L3 15ITL6"}]},{"@type":"WebSite","@id":"https:\/\/tay-sir.com\/ar\/#website","url":"https:\/\/tay-sir.com\/ar\/","name":"TAY-SIR.com","description":"plateforme e-commerce avec financement islamique digital en ligne","publisher":{"@id":"https:\/\/tay-sir.com\/ar\/#organization"},"potentialAction":[{"@type":"SearchAction","target":{"@type":"EntryPoint","urlTemplate":"https:\/\/tay-sir.com\/ar\/?s={search_term_string}"},"query-input":{"@type":"PropertyValueSpecification","valueRequired":true,"valueName":"search_term_string"}}],"inLanguage":"ar"},{"@type":"Organization","@id":"https:\/\/tay-sir.com\/ar\/#organization","name":"Taysir","url":"https:\/\/tay-sir.com\/ar\/","logo":{"@type":"ImageObject","inLanguage":"ar","@id":"https:\/\/tay-sir.com\/ar\/#\/schema\/logo\/image\/","url":"https:\/\/tay-sir.com\/wp-content\/uploads\/2024\/10\/profil.jpg","contentUrl":"https:\/\/tay-sir.com\/wp-content\/uploads\/2024\/10\/profil.jpg","width":1024,"height":1024,"caption":"Taysir"},"image":{"@id":"https:\/\/tay-sir.com\/ar\/#\/schema\/logo\/image\/"},"sameAs":["https:\/\/www.facebook.com\/profile.php?id=61566201523117","https:\/\/www.tiktok.com\/@taysir31000?fbclid=IwY2xjawFor1xleHRuA2FlbQIxMAABHQqa6Ko0Z_QFAZb-7Bltxo0G0y0YuIXxVxPenEAWDkGyOgZp7D3Bq1oJAA_aem_TiTB-X9kxzhzORQbwqQiYw","https:\/\/www.instagram.com\/taysirfacilite\/"]}]}},"_links":{"self":[{"href":"https:\/\/tay-sir.com\/ar\/wp-json\/wp\/v2\/product\/32880","targetHints":{"allow":["GET"]}}],"collection":[{"href":"https:\/\/tay-sir.com\/ar\/wp-json\/wp\/v2\/product"}],"about":[{"href":"https:\/\/tay-sir.com\/ar\/wp-json\/wp\/v2\/types\/product"}],"replies":[{"embeddable":true,"href":"https:\/\/tay-sir.com\/ar\/wp-json\/wp\/v2\/comments?post=32880"}],"version-history":[{"count":3,"href":"https:\/\/tay-sir.com\/ar\/wp-json\/wp\/v2\/product\/32880\/revisions"}],"predecessor-version":[{"id":32885,"href":"https:\/\/tay-sir.com\/ar\/wp-json\/wp\/v2\/product\/32880\/revisions\/32885"}],"wp:featuredmedia":[{"embeddable":true,"href":"https:\/\/tay-sir.com\/ar\/wp-json\/wp\/v2\/media\/32881"}],"wp:attachment":[{"href":"https:\/\/tay-sir.com\/ar\/wp-json\/wp\/v2\/media?parent=32880"}],"wp:term":[{"taxonomy":"product_brand","embeddable":true,"href":"https:\/\/tay-sir.com\/ar\/wp-json\/wp\/v2\/product_brand?post=32880"},{"taxonomy":"product_cat","embeddable":true,"href":"https:\/\/tay-sir.com\/ar\/wp-json\/wp\/v2\/product_cat?post=32880"},{"taxonomy":"product_tag","embeddable":true,"href":"https:\/\/tay-sir.com\/ar\/wp-json\/wp\/v2\/product_tag?post=32880"}],"curies":[{"name":"wp","href":"https:\/\/api.w.org\/{rel}","templated":true}]}}