{"id":33529,"date":"2024-12-18T12:00:14","date_gmt":"2024-12-18T11:00:14","guid":{"rendered":"https:\/\/tay-sir.com\/?post_type=product&#038;p=33529"},"modified":"2024-12-18T12:00:48","modified_gmt":"2024-12-18T11:00:48","slug":"adler-machine-caf-15-bar-850-w-bars","status":"publish","type":"product","link":"https:\/\/tay-sir.com\/ar\/product\/adler-machine-caf-15-bar-850-w-bars\/","title":{"rendered":"Adler Machine &agrave; Caf&eacute; 15 BAR 850 W Bars"},"content":{"rendered":"<h4><strong>Marque :<\/strong> Adler<\/h4>\n<h4><strong>Mod\u00e8le :<\/strong> Machine \u00e0 Caf\u00e9 15 BAR<\/h4>\n<h4><strong>Puissance :<\/strong> 850 W<\/h4>\n<h4><strong>Pression :<\/strong> 15 bars<\/h4>\n<hr \/>\n<h3><strong>Caract\u00e9ristiques :<\/strong><\/h3>\n<ul>\n<li><strong>Type de machine :<\/strong> Machine \u00e0 caf\u00e9 expresso semi-automatique<\/li>\n<li><strong>Syst\u00e8me de pr\u00e9paration :<\/strong> Caf\u00e9 moulu<\/li>\n<li><strong>Pression de la pompe :<\/strong> 15 bars<\/li>\n<li><strong>Puissance :<\/strong> 850 W<\/li>\n<li><strong>R\u00e9servoir d&rsquo;eau :<\/strong> 1,25 L<\/li>\n<li><strong>R\u00e9servoir \u00e0 caf\u00e9 moulu :<\/strong> Capacit\u00e9 de 100 g<\/li>\n<li><strong>Fonctionnalit\u00e9s :<\/strong>\n<ul>\n<li>Pr\u00e9paration d&rsquo;espresso et de cappuccino<\/li>\n<li>Syst\u00e8me de vapeur pour mousse de lait<\/li>\n<li>Interrupteur d&rsquo;alimentation avec indicateur lumineux<\/li>\n<li>Plateau chauffe-tasses<\/li>\n<li>Syst\u00e8me anti-goutte<\/li>\n<li>Facilit\u00e9 de nettoyage avec des pi\u00e8ces amovibles<\/li>\n<\/ul>\n<\/li>\n<\/ul>\n<hr \/>\n<h3><strong>Dimensions et poids :<\/strong><\/h3>\n<ul>\n<li><strong>Dimensions (L x P x H) :<\/strong> 22 x 30 x 28 cm<\/li>\n<li><strong>Poids :<\/strong> 3,2 kg<\/li>\n<\/ul>\n<hr \/>\n<h3><strong>Consommation \u00e9nerg\u00e9tique :<\/strong><\/h3>\n<ul>\n<li><strong>Puissance :<\/strong> 850 W<\/li>\n<li><strong>Classe \u00e9nerg\u00e9tique :<\/strong> Non sp\u00e9cifi\u00e9e<\/li>\n<\/ul>\n<hr \/>\n<h3><strong>Accessoires inclus :<\/strong><\/h3>\n<ul>\n<li>Porte-filtre avec 1 ou 2 tasses<\/li>\n<li>Cuill\u00e8re doseuse<\/li>\n<li>Mode d&#8217;emploi<\/li>\n<\/ul>\n<hr \/>\n<h3><strong>Avantages :<\/strong><\/h3>\n<ul>\n<li><strong>Pression de 15 bars<\/strong> pour une extraction optimale<\/li>\n<li><strong>Syst\u00e8me de vapeur<\/strong> pour des boissons lact\u00e9es comme le cappuccino<\/li>\n<li><strong>Plateau chauffe-tasses<\/strong> pour maintenir vos tasses \u00e0 temp\u00e9rature<\/li>\n<li><strong>Facilit\u00e9 d&rsquo;entretien<\/strong> gr\u00e2ce \u00e0 des pi\u00e8ces amovibles<\/li>\n<\/ul>","protected":false},"excerpt":{"rendered":"<p>Marque : Adler Mod\u00e8le : Machine \u00e0 Caf\u00e9 15 BAR Puissance : 850 W Pression : 15 bars Caract\u00e9ristiques :<\/p>","protected":false},"featured_media":33530,"comment_status":"open","ping_status":"closed","template":"","meta":[],"product_brand":[],"product_cat":[359],"product_tag":[],"class_list":{"0":"post-33529","1":"product","2":"type-product","3":"status-publish","4":"has-post-thumbnail","6":"product_cat-cafetiere","8":"first","9":"instock","10":"shipping-taxable","11":"purchasable","12":"product-type-variable"},"yoast_head":"<!-- This site is optimized with the Yoast SEO plugin v24.9 - https:\/\/yoast.com\/wordpress\/plugins\/seo\/ -->\n<title>Adler Machine &agrave; Caf&eacute; 15 BAR 850 W Bars - Maslak<\/title>\n<meta name=\"robots\" content=\"index, follow, max-snippet:-1, max-image-preview:large, max-video-preview:-1\" \/>\n<link rel=\"canonical\" href=\"https:\/\/tay-sir.com\/ar\/product\/adler-machine-caf-15-bar-850-w-bars\/\" \/>\n<meta property=\"og:locale\" content=\"ar_AR\" \/>\n<meta property=\"og:type\" content=\"article\" \/>\n<meta property=\"og:title\" content=\"Adler Machine &agrave; Caf&eacute; 15 BAR 850 W Bars - Maslak\" \/>\n<meta property=\"og:description\" content=\"Marque : Adler Mod\u00e8le : Machine \u00e0 Caf\u00e9 15 BAR Puissance : 850 W Pression : 15 bars Caract\u00e9ristiques :\" \/>\n<meta property=\"og:url\" content=\"https:\/\/tay-sir.com\/ar\/product\/adler-machine-caf-15-bar-850-w-bars\/\" \/>\n<meta property=\"og:site_name\" content=\"Maslak\" \/>\n<meta property=\"article:publisher\" content=\"https:\/\/www.facebook.com\/profile.php?id=61566201523117\" \/>\n<meta property=\"article:modified_time\" content=\"2024-12-18T11:00:48+00:00\" \/>\n<meta property=\"og:image\" content=\"https:\/\/tay-sir.com\/wp-content\/uploads\/2024\/12\/cafetiere2.jpg\" \/>\n\t<meta property=\"og:image:width\" content=\"225\" \/>\n\t<meta property=\"og:image:height\" content=\"225\" \/>\n\t<meta property=\"og:image:type\" content=\"image\/jpeg\" \/>\n<meta name=\"twitter:card\" content=\"summary_large_image\" \/>\n<meta name=\"twitter:label1\" content=\"\u0648\u0642\u062a \u0627\u0644\u0642\u0631\u0627\u0621\u0629 \u0627\u0644\u0645\u064f\u0642\u062f\u0651\u0631\" \/>\n\t<meta name=\"twitter:data1\" content=\"\u062f\u0642\u064a\u0642\u0629 \u0648\u0627\u062d\u062f\u0629\" \/>\n<script type=\"application\/ld+json\" class=\"yoast-schema-graph\">{\"@context\":\"https:\/\/schema.org\",\"@graph\":[{\"@type\":\"WebPage\",\"@id\":\"https:\/\/tay-sir.com\/produit\/adler-machine-caf-15-bar-850-w-bars\/\",\"url\":\"https:\/\/tay-sir.com\/produit\/adler-machine-caf-15-bar-850-w-bars\/\",\"name\":\"Adler Machine &agrave; Caf&eacute; 15 BAR 850 W Bars - Maslak\",\"isPartOf\":{\"@id\":\"https:\/\/tay-sir.com\/ar\/#website\"},\"primaryImageOfPage\":{\"@id\":\"https:\/\/tay-sir.com\/produit\/adler-machine-caf-15-bar-850-w-bars\/#primaryimage\"},\"image\":{\"@id\":\"https:\/\/tay-sir.com\/produit\/adler-machine-caf-15-bar-850-w-bars\/#primaryimage\"},\"thumbnailUrl\":\"https:\/\/tay-sir.com\/wp-content\/uploads\/2024\/12\/cafetiere2.jpg\",\"datePublished\":\"2024-12-18T11:00:14+00:00\",\"dateModified\":\"2024-12-18T11:00:48+00:00\",\"breadcrumb\":{\"@id\":\"https:\/\/tay-sir.com\/produit\/adler-machine-caf-15-bar-850-w-bars\/#breadcrumb\"},\"inLanguage\":\"ar\",\"potentialAction\":[{\"@type\":\"ReadAction\",\"target\":[\"https:\/\/tay-sir.com\/produit\/adler-machine-caf-15-bar-850-w-bars\/\"]}]},{\"@type\":\"ImageObject\",\"inLanguage\":\"ar\",\"@id\":\"https:\/\/tay-sir.com\/produit\/adler-machine-caf-15-bar-850-w-bars\/#primaryimage\",\"url\":\"https:\/\/tay-sir.com\/wp-content\/uploads\/2024\/12\/cafetiere2.jpg\",\"contentUrl\":\"https:\/\/tay-sir.com\/wp-content\/uploads\/2024\/12\/cafetiere2.jpg\",\"width\":225,\"height\":225},{\"@type\":\"BreadcrumbList\",\"@id\":\"https:\/\/tay-sir.com\/produit\/adler-machine-caf-15-bar-850-w-bars\/#breadcrumb\",\"itemListElement\":[{\"@type\":\"ListItem\",\"position\":1,\"name\":\"Home\",\"item\":\"https:\/\/tay-sir.com\/ar\/\"},{\"@type\":\"ListItem\",\"position\":2,\"name\":\"Boutique\",\"item\":\"https:\/\/tay-sir.com\/boutique\/\"},{\"@type\":\"ListItem\",\"position\":3,\"name\":\"Adler Machine &agrave; Caf&eacute; 15 BAR 850 W Bars\"}]},{\"@type\":\"WebSite\",\"@id\":\"https:\/\/tay-sir.com\/ar\/#website\",\"url\":\"https:\/\/tay-sir.com\/ar\/\",\"name\":\"TAY-SIR.com\",\"description\":\"plateforme e-commerce avec financement islamique digital en ligne\",\"publisher\":{\"@id\":\"https:\/\/tay-sir.com\/ar\/#organization\"},\"potentialAction\":[{\"@type\":\"SearchAction\",\"target\":{\"@type\":\"EntryPoint\",\"urlTemplate\":\"https:\/\/tay-sir.com\/ar\/?s={search_term_string}\"},\"query-input\":{\"@type\":\"PropertyValueSpecification\",\"valueRequired\":true,\"valueName\":\"search_term_string\"}}],\"inLanguage\":\"ar\"},{\"@type\":\"Organization\",\"@id\":\"https:\/\/tay-sir.com\/ar\/#organization\",\"name\":\"Taysir\",\"url\":\"https:\/\/tay-sir.com\/ar\/\",\"logo\":{\"@type\":\"ImageObject\",\"inLanguage\":\"ar\",\"@id\":\"https:\/\/tay-sir.com\/ar\/#\/schema\/logo\/image\/\",\"url\":\"https:\/\/tay-sir.com\/wp-content\/uploads\/2024\/10\/profil.jpg\",\"contentUrl\":\"https:\/\/tay-sir.com\/wp-content\/uploads\/2024\/10\/profil.jpg\",\"width\":1024,\"height\":1024,\"caption\":\"Taysir\"},\"image\":{\"@id\":\"https:\/\/tay-sir.com\/ar\/#\/schema\/logo\/image\/\"},\"sameAs\":[\"https:\/\/www.facebook.com\/profile.php?id=61566201523117\",\"https:\/\/www.tiktok.com\/@taysir31000?fbclid=IwY2xjawFor1xleHRuA2FlbQIxMAABHQqa6Ko0Z_QFAZb-7Bltxo0G0y0YuIXxVxPenEAWDkGyOgZp7D3Bq1oJAA_aem_TiTB-X9kxzhzORQbwqQiYw\",\"https:\/\/www.instagram.com\/taysirfacilite\/\"]}]}<\/script>\n<!-- \/ Yoast SEO plugin. -->","yoast_head_json":{"title":"Adler Machine &agrave; Caf&eacute; 15 BAR 850 W Bars - Maslak","robots":{"index":"index","follow":"follow","max-snippet":"max-snippet:-1","max-image-preview":"max-image-preview:large","max-video-preview":"max-video-preview:-1"},"canonical":"https:\/\/tay-sir.com\/ar\/product\/adler-machine-caf-15-bar-850-w-bars\/","og_locale":"ar_AR","og_type":"article","og_title":"Adler Machine &agrave; Caf&eacute; 15 BAR 850 W Bars - Maslak","og_description":"Marque : Adler Mod\u00e8le : Machine \u00e0 Caf\u00e9 15 BAR Puissance : 850 W Pression : 15 bars Caract\u00e9ristiques :","og_url":"https:\/\/tay-sir.com\/ar\/product\/adler-machine-caf-15-bar-850-w-bars\/","og_site_name":"Maslak","article_publisher":"https:\/\/www.facebook.com\/profile.php?id=61566201523117","article_modified_time":"2024-12-18T11:00:48+00:00","og_image":[{"width":225,"height":225,"url":"https:\/\/tay-sir.com\/wp-content\/uploads\/2024\/12\/cafetiere2.jpg","type":"image\/jpeg"}],"twitter_card":"summary_large_image","twitter_misc":{"\u0648\u0642\u062a \u0627\u0644\u0642\u0631\u0627\u0621\u0629 \u0627\u0644\u0645\u064f\u0642\u062f\u0651\u0631":"\u062f\u0642\u064a\u0642\u0629 \u0648\u0627\u062d\u062f\u0629"},"schema":{"@context":"https:\/\/schema.org","@graph":[{"@type":"WebPage","@id":"https:\/\/tay-sir.com\/produit\/adler-machine-caf-15-bar-850-w-bars\/","url":"https:\/\/tay-sir.com\/produit\/adler-machine-caf-15-bar-850-w-bars\/","name":"Adler Machine &agrave; Caf&eacute; 15 BAR 850 W Bars - Maslak","isPartOf":{"@id":"https:\/\/tay-sir.com\/ar\/#website"},"primaryImageOfPage":{"@id":"https:\/\/tay-sir.com\/produit\/adler-machine-caf-15-bar-850-w-bars\/#primaryimage"},"image":{"@id":"https:\/\/tay-sir.com\/produit\/adler-machine-caf-15-bar-850-w-bars\/#primaryimage"},"thumbnailUrl":"https:\/\/tay-sir.com\/wp-content\/uploads\/2024\/12\/cafetiere2.jpg","datePublished":"2024-12-18T11:00:14+00:00","dateModified":"2024-12-18T11:00:48+00:00","breadcrumb":{"@id":"https:\/\/tay-sir.com\/produit\/adler-machine-caf-15-bar-850-w-bars\/#breadcrumb"},"inLanguage":"ar","potentialAction":[{"@type":"ReadAction","target":["https:\/\/tay-sir.com\/produit\/adler-machine-caf-15-bar-850-w-bars\/"]}]},{"@type":"ImageObject","inLanguage":"ar","@id":"https:\/\/tay-sir.com\/produit\/adler-machine-caf-15-bar-850-w-bars\/#primaryimage","url":"https:\/\/tay-sir.com\/wp-content\/uploads\/2024\/12\/cafetiere2.jpg","contentUrl":"https:\/\/tay-sir.com\/wp-content\/uploads\/2024\/12\/cafetiere2.jpg","width":225,"height":225},{"@type":"BreadcrumbList","@id":"https:\/\/tay-sir.com\/produit\/adler-machine-caf-15-bar-850-w-bars\/#breadcrumb","itemListElement":[{"@type":"ListItem","position":1,"name":"Home","item":"https:\/\/tay-sir.com\/ar\/"},{"@type":"ListItem","position":2,"name":"Boutique","item":"https:\/\/tay-sir.com\/boutique\/"},{"@type":"ListItem","position":3,"name":"Adler Machine &agrave; Caf&eacute; 15 BAR 850 W Bars"}]},{"@type":"WebSite","@id":"https:\/\/tay-sir.com\/ar\/#website","url":"https:\/\/tay-sir.com\/ar\/","name":"TAY-SIR.com","description":"plateforme e-commerce avec financement islamique digital en ligne","publisher":{"@id":"https:\/\/tay-sir.com\/ar\/#organization"},"potentialAction":[{"@type":"SearchAction","target":{"@type":"EntryPoint","urlTemplate":"https:\/\/tay-sir.com\/ar\/?s={search_term_string}"},"query-input":{"@type":"PropertyValueSpecification","valueRequired":true,"valueName":"search_term_string"}}],"inLanguage":"ar"},{"@type":"Organization","@id":"https:\/\/tay-sir.com\/ar\/#organization","name":"Taysir","url":"https:\/\/tay-sir.com\/ar\/","logo":{"@type":"ImageObject","inLanguage":"ar","@id":"https:\/\/tay-sir.com\/ar\/#\/schema\/logo\/image\/","url":"https:\/\/tay-sir.com\/wp-content\/uploads\/2024\/10\/profil.jpg","contentUrl":"https:\/\/tay-sir.com\/wp-content\/uploads\/2024\/10\/profil.jpg","width":1024,"height":1024,"caption":"Taysir"},"image":{"@id":"https:\/\/tay-sir.com\/ar\/#\/schema\/logo\/image\/"},"sameAs":["https:\/\/www.facebook.com\/profile.php?id=61566201523117","https:\/\/www.tiktok.com\/@taysir31000?fbclid=IwY2xjawFor1xleHRuA2FlbQIxMAABHQqa6Ko0Z_QFAZb-7Bltxo0G0y0YuIXxVxPenEAWDkGyOgZp7D3Bq1oJAA_aem_TiTB-X9kxzhzORQbwqQiYw","https:\/\/www.instagram.com\/taysirfacilite\/"]}]}},"_links":{"self":[{"href":"https:\/\/tay-sir.com\/ar\/wp-json\/wp\/v2\/product\/33529","targetHints":{"allow":["GET"]}}],"collection":[{"href":"https:\/\/tay-sir.com\/ar\/wp-json\/wp\/v2\/product"}],"about":[{"href":"https:\/\/tay-sir.com\/ar\/wp-json\/wp\/v2\/types\/product"}],"replies":[{"embeddable":true,"href":"https:\/\/tay-sir.com\/ar\/wp-json\/wp\/v2\/comments?post=33529"}],"version-history":[{"count":1,"href":"https:\/\/tay-sir.com\/ar\/wp-json\/wp\/v2\/product\/33529\/revisions"}],"predecessor-version":[{"id":33537,"href":"https:\/\/tay-sir.com\/ar\/wp-json\/wp\/v2\/product\/33529\/revisions\/33537"}],"wp:featuredmedia":[{"embeddable":true,"href":"https:\/\/tay-sir.com\/ar\/wp-json\/wp\/v2\/media\/33530"}],"wp:attachment":[{"href":"https:\/\/tay-sir.com\/ar\/wp-json\/wp\/v2\/media?parent=33529"}],"wp:term":[{"taxonomy":"product_brand","embeddable":true,"href":"https:\/\/tay-sir.com\/ar\/wp-json\/wp\/v2\/product_brand?post=33529"},{"taxonomy":"product_cat","embeddable":true,"href":"https:\/\/tay-sir.com\/ar\/wp-json\/wp\/v2\/product_cat?post=33529"},{"taxonomy":"product_tag","embeddable":true,"href":"https:\/\/tay-sir.com\/ar\/wp-json\/wp\/v2\/product_tag?post=33529"}],"curies":[{"name":"wp","href":"https:\/\/api.w.org\/{rel}","templated":true}]}}