{"id":33613,"date":"2024-12-21T09:44:46","date_gmt":"2024-12-21T08:44:46","guid":{"rendered":"https:\/\/tay-sir.com\/?post_type=product&#038;p=33613"},"modified":"2024-12-21T09:44:49","modified_gmt":"2024-12-21T08:44:49","slug":"samsung-galaxy-tab-a9-4-64gb","status":"publish","type":"product","link":"https:\/\/tay-sir.com\/ar\/product\/samsung-galaxy-tab-a9-4-64gb\/","title":{"rendered":"Samsung\u00a0\u00a0Galaxy Tab A9 4\/64GB"},"content":{"rendered":"<p><strong>Marque :<\/strong> Samsung<br \/>\n<strong>Mod\u00e8le :<\/strong> Galaxy Tab A9<br \/>\n<strong>Type :<\/strong> Tablette tactile<\/p>\n<h4><strong>Caract\u00e9ristiques g\u00e9n\u00e9rales :<\/strong><\/h4>\n<ul>\n<li><strong>Syst\u00e8me d&rsquo;exploitation :<\/strong> Android 13 (One UI)<\/li>\n<li><strong>Processeur :<\/strong> MediaTek Helio G99<\/li>\n<li><strong>RAM :<\/strong> 4 GB<\/li>\n<li><strong>Stockage interne :<\/strong> 64 GB (extensible via microSD jusqu&rsquo;\u00e0 1 To)<\/li>\n<li><strong>Dimensions :<\/strong> 211.1 x 124.7 x 8.0 mm<\/li>\n<li><strong>Poids :<\/strong> 332 g<\/li>\n<\/ul>\n<h4><strong>\u00c9cran :<\/strong><\/h4>\n<ul>\n<li><strong>Type :<\/strong> TFT LCD<\/li>\n<li><strong>Taille :<\/strong> 8.7 pouces<\/li>\n<li><strong>R\u00e9solution :<\/strong> 1340 x 800 pixels<\/li>\n<li><strong>Densit\u00e9 :<\/strong> ~179 ppi<\/li>\n<\/ul>\n<h4><strong>Cam\u00e9ras :<\/strong><\/h4>\n<ul>\n<li><strong>Cam\u00e9ra arri\u00e8re :<\/strong> 8 MP, autofocus<\/li>\n<li><strong>Cam\u00e9ra frontale :<\/strong> 2 MP<\/li>\n<\/ul>\n<h4><strong>Connectivit\u00e9 :<\/strong><\/h4>\n<ul>\n<li><strong>Wi-Fi :<\/strong> 802.11 a\/b\/g\/n\/ac, double bande<\/li>\n<li><strong>Bluetooth :<\/strong> 5.1<\/li>\n<li><strong>Port USB :<\/strong> USB Type-C 2.0<\/li>\n<li><strong>GPS :<\/strong> Oui (A-GPS, GLONASS, GALILEO, BDS)<\/li>\n<\/ul>\n<h4><strong>Batterie :<\/strong><\/h4>\n<ul>\n<li><strong>Capacit\u00e9 :<\/strong> 5100 mAh<\/li>\n<li><strong>Chargement :<\/strong> 15W (rapide)<\/li>\n<\/ul>\n<h4><strong>Audio :<\/strong><\/h4>\n<ul>\n<li><strong>Haut-parleurs :<\/strong> Doubles, optimis\u00e9s Dolby Atmos<\/li>\n<li><strong>Prise casque :<\/strong> Oui, 3,5 mm<\/li>\n<\/ul>\n<h4><strong>Fonctionnalit\u00e9s suppl\u00e9mentaires :<\/strong><\/h4>\n<ul>\n<li>Mode enfant int\u00e9gr\u00e9<\/li>\n<li>Multit\u00e2che fluide avec One UI<\/li>\n<li>S\u00e9curit\u00e9 renforc\u00e9e gr\u00e2ce \u00e0 Samsung Knox<\/li>\n<\/ul>\n<h4><strong>Contenu de la bo\u00eete :<\/strong><\/h4>\n<ul>\n<li>Samsung Galaxy Tab A9<\/li>\n<li>C\u00e2ble USB Type-C<\/li>\n<li>Adaptateur secteur<\/li>\n<li>Guide d&rsquo;utilisation<\/li>\n<\/ul>","protected":false},"excerpt":{"rendered":"<p>Marque : Samsung Mod\u00e8le : Galaxy Tab A9 Type : Tablette tactile Caract\u00e9ristiques g\u00e9n\u00e9rales : Syst\u00e8me d&rsquo;exploitation : Android 13<\/p>","protected":false},"featured_media":33612,"comment_status":"open","ping_status":"closed","template":"","meta":[],"product_brand":[],"product_cat":[367],"product_tag":[],"class_list":{"0":"post-33613","1":"product","2":"type-product","3":"status-publish","4":"has-post-thumbnail","6":"product_cat-tabletee","8":"first","9":"instock","10":"shipping-taxable","11":"purchasable","12":"product-type-variable"},"yoast_head":"<!-- This site is optimized with the Yoast SEO plugin v24.9 - https:\/\/yoast.com\/wordpress\/plugins\/seo\/ -->\n<title>Samsung\u00a0\u00a0Galaxy Tab A9 4\/64GB - Maslak<\/title>\n<meta name=\"robots\" content=\"index, follow, max-snippet:-1, max-image-preview:large, max-video-preview:-1\" \/>\n<link rel=\"canonical\" href=\"https:\/\/tay-sir.com\/ar\/product\/samsung-galaxy-tab-a9-4-64gb\/\" \/>\n<meta property=\"og:locale\" content=\"ar_AR\" \/>\n<meta property=\"og:type\" content=\"article\" \/>\n<meta property=\"og:title\" content=\"Samsung\u00a0\u00a0Galaxy Tab A9 4\/64GB - Maslak\" \/>\n<meta property=\"og:description\" content=\"Marque : Samsung Mod\u00e8le : Galaxy Tab A9 Type : Tablette tactile Caract\u00e9ristiques g\u00e9n\u00e9rales : Syst\u00e8me d&rsquo;exploitation : Android 13\" \/>\n<meta property=\"og:url\" content=\"https:\/\/tay-sir.com\/ar\/product\/samsung-galaxy-tab-a9-4-64gb\/\" \/>\n<meta property=\"og:site_name\" content=\"Maslak\" \/>\n<meta property=\"article:publisher\" content=\"https:\/\/www.facebook.com\/profile.php?id=61566201523117\" \/>\n<meta property=\"article:modified_time\" content=\"2024-12-21T08:44:49+00:00\" \/>\n<meta property=\"og:image\" content=\"https:\/\/tay-sir.com\/wp-content\/uploads\/2024\/12\/tablete.jpg\" \/>\n\t<meta property=\"og:image:width\" content=\"360\" \/>\n\t<meta property=\"og:image:height\" content=\"342\" \/>\n\t<meta property=\"og:image:type\" content=\"image\/jpeg\" \/>\n<meta name=\"twitter:card\" content=\"summary_large_image\" \/>\n<meta name=\"twitter:label1\" content=\"\u0648\u0642\u062a \u0627\u0644\u0642\u0631\u0627\u0621\u0629 \u0627\u0644\u0645\u064f\u0642\u062f\u0651\u0631\" \/>\n\t<meta name=\"twitter:data1\" content=\"\u062f\u0642\u064a\u0642\u0629 \u0648\u0627\u062d\u062f\u0629\" \/>\n<script type=\"application\/ld+json\" class=\"yoast-schema-graph\">{\"@context\":\"https:\/\/schema.org\",\"@graph\":[{\"@type\":\"WebPage\",\"@id\":\"https:\/\/tay-sir.com\/produit\/samsung-galaxy-tab-a9-4-64gb\/\",\"url\":\"https:\/\/tay-sir.com\/produit\/samsung-galaxy-tab-a9-4-64gb\/\",\"name\":\"Samsung\u00a0\u00a0Galaxy Tab A9 4\/64GB - Maslak\",\"isPartOf\":{\"@id\":\"https:\/\/tay-sir.com\/ar\/#website\"},\"primaryImageOfPage\":{\"@id\":\"https:\/\/tay-sir.com\/produit\/samsung-galaxy-tab-a9-4-64gb\/#primaryimage\"},\"image\":{\"@id\":\"https:\/\/tay-sir.com\/produit\/samsung-galaxy-tab-a9-4-64gb\/#primaryimage\"},\"thumbnailUrl\":\"https:\/\/tay-sir.com\/wp-content\/uploads\/2024\/12\/tablete.jpg\",\"datePublished\":\"2024-12-21T08:44:46+00:00\",\"dateModified\":\"2024-12-21T08:44:49+00:00\",\"breadcrumb\":{\"@id\":\"https:\/\/tay-sir.com\/produit\/samsung-galaxy-tab-a9-4-64gb\/#breadcrumb\"},\"inLanguage\":\"ar\",\"potentialAction\":[{\"@type\":\"ReadAction\",\"target\":[\"https:\/\/tay-sir.com\/produit\/samsung-galaxy-tab-a9-4-64gb\/\"]}]},{\"@type\":\"ImageObject\",\"inLanguage\":\"ar\",\"@id\":\"https:\/\/tay-sir.com\/produit\/samsung-galaxy-tab-a9-4-64gb\/#primaryimage\",\"url\":\"https:\/\/tay-sir.com\/wp-content\/uploads\/2024\/12\/tablete.jpg\",\"contentUrl\":\"https:\/\/tay-sir.com\/wp-content\/uploads\/2024\/12\/tablete.jpg\",\"width\":360,\"height\":342},{\"@type\":\"BreadcrumbList\",\"@id\":\"https:\/\/tay-sir.com\/produit\/samsung-galaxy-tab-a9-4-64gb\/#breadcrumb\",\"itemListElement\":[{\"@type\":\"ListItem\",\"position\":1,\"name\":\"Home\",\"item\":\"https:\/\/tay-sir.com\/ar\/\"},{\"@type\":\"ListItem\",\"position\":2,\"name\":\"Boutique\",\"item\":\"https:\/\/tay-sir.com\/boutique\/\"},{\"@type\":\"ListItem\",\"position\":3,\"name\":\"Samsung\u00a0\u00a0Galaxy Tab A9 4\/64GB\"}]},{\"@type\":\"WebSite\",\"@id\":\"https:\/\/tay-sir.com\/ar\/#website\",\"url\":\"https:\/\/tay-sir.com\/ar\/\",\"name\":\"TAY-SIR.com\",\"description\":\"plateforme e-commerce avec financement islamique digital en ligne\",\"publisher\":{\"@id\":\"https:\/\/tay-sir.com\/ar\/#organization\"},\"potentialAction\":[{\"@type\":\"SearchAction\",\"target\":{\"@type\":\"EntryPoint\",\"urlTemplate\":\"https:\/\/tay-sir.com\/ar\/?s={search_term_string}\"},\"query-input\":{\"@type\":\"PropertyValueSpecification\",\"valueRequired\":true,\"valueName\":\"search_term_string\"}}],\"inLanguage\":\"ar\"},{\"@type\":\"Organization\",\"@id\":\"https:\/\/tay-sir.com\/ar\/#organization\",\"name\":\"Taysir\",\"url\":\"https:\/\/tay-sir.com\/ar\/\",\"logo\":{\"@type\":\"ImageObject\",\"inLanguage\":\"ar\",\"@id\":\"https:\/\/tay-sir.com\/ar\/#\/schema\/logo\/image\/\",\"url\":\"https:\/\/tay-sir.com\/wp-content\/uploads\/2024\/10\/profil.jpg\",\"contentUrl\":\"https:\/\/tay-sir.com\/wp-content\/uploads\/2024\/10\/profil.jpg\",\"width\":1024,\"height\":1024,\"caption\":\"Taysir\"},\"image\":{\"@id\":\"https:\/\/tay-sir.com\/ar\/#\/schema\/logo\/image\/\"},\"sameAs\":[\"https:\/\/www.facebook.com\/profile.php?id=61566201523117\",\"https:\/\/www.tiktok.com\/@taysir31000?fbclid=IwY2xjawFor1xleHRuA2FlbQIxMAABHQqa6Ko0Z_QFAZb-7Bltxo0G0y0YuIXxVxPenEAWDkGyOgZp7D3Bq1oJAA_aem_TiTB-X9kxzhzORQbwqQiYw\",\"https:\/\/www.instagram.com\/taysirfacilite\/\"]}]}<\/script>\n<!-- \/ Yoast SEO plugin. -->","yoast_head_json":{"title":"Samsung\u00a0\u00a0Galaxy Tab A9 4\/64GB - Maslak","robots":{"index":"index","follow":"follow","max-snippet":"max-snippet:-1","max-image-preview":"max-image-preview:large","max-video-preview":"max-video-preview:-1"},"canonical":"https:\/\/tay-sir.com\/ar\/product\/samsung-galaxy-tab-a9-4-64gb\/","og_locale":"ar_AR","og_type":"article","og_title":"Samsung\u00a0\u00a0Galaxy Tab A9 4\/64GB - Maslak","og_description":"Marque : Samsung Mod\u00e8le : Galaxy Tab A9 Type : Tablette tactile Caract\u00e9ristiques g\u00e9n\u00e9rales : Syst\u00e8me d&rsquo;exploitation : Android 13","og_url":"https:\/\/tay-sir.com\/ar\/product\/samsung-galaxy-tab-a9-4-64gb\/","og_site_name":"Maslak","article_publisher":"https:\/\/www.facebook.com\/profile.php?id=61566201523117","article_modified_time":"2024-12-21T08:44:49+00:00","og_image":[{"width":360,"height":342,"url":"https:\/\/tay-sir.com\/wp-content\/uploads\/2024\/12\/tablete.jpg","type":"image\/jpeg"}],"twitter_card":"summary_large_image","twitter_misc":{"\u0648\u0642\u062a \u0627\u0644\u0642\u0631\u0627\u0621\u0629 \u0627\u0644\u0645\u064f\u0642\u062f\u0651\u0631":"\u062f\u0642\u064a\u0642\u0629 \u0648\u0627\u062d\u062f\u0629"},"schema":{"@context":"https:\/\/schema.org","@graph":[{"@type":"WebPage","@id":"https:\/\/tay-sir.com\/produit\/samsung-galaxy-tab-a9-4-64gb\/","url":"https:\/\/tay-sir.com\/produit\/samsung-galaxy-tab-a9-4-64gb\/","name":"Samsung\u00a0\u00a0Galaxy Tab A9 4\/64GB - Maslak","isPartOf":{"@id":"https:\/\/tay-sir.com\/ar\/#website"},"primaryImageOfPage":{"@id":"https:\/\/tay-sir.com\/produit\/samsung-galaxy-tab-a9-4-64gb\/#primaryimage"},"image":{"@id":"https:\/\/tay-sir.com\/produit\/samsung-galaxy-tab-a9-4-64gb\/#primaryimage"},"thumbnailUrl":"https:\/\/tay-sir.com\/wp-content\/uploads\/2024\/12\/tablete.jpg","datePublished":"2024-12-21T08:44:46+00:00","dateModified":"2024-12-21T08:44:49+00:00","breadcrumb":{"@id":"https:\/\/tay-sir.com\/produit\/samsung-galaxy-tab-a9-4-64gb\/#breadcrumb"},"inLanguage":"ar","potentialAction":[{"@type":"ReadAction","target":["https:\/\/tay-sir.com\/produit\/samsung-galaxy-tab-a9-4-64gb\/"]}]},{"@type":"ImageObject","inLanguage":"ar","@id":"https:\/\/tay-sir.com\/produit\/samsung-galaxy-tab-a9-4-64gb\/#primaryimage","url":"https:\/\/tay-sir.com\/wp-content\/uploads\/2024\/12\/tablete.jpg","contentUrl":"https:\/\/tay-sir.com\/wp-content\/uploads\/2024\/12\/tablete.jpg","width":360,"height":342},{"@type":"BreadcrumbList","@id":"https:\/\/tay-sir.com\/produit\/samsung-galaxy-tab-a9-4-64gb\/#breadcrumb","itemListElement":[{"@type":"ListItem","position":1,"name":"Home","item":"https:\/\/tay-sir.com\/ar\/"},{"@type":"ListItem","position":2,"name":"Boutique","item":"https:\/\/tay-sir.com\/boutique\/"},{"@type":"ListItem","position":3,"name":"Samsung\u00a0\u00a0Galaxy Tab A9 4\/64GB"}]},{"@type":"WebSite","@id":"https:\/\/tay-sir.com\/ar\/#website","url":"https:\/\/tay-sir.com\/ar\/","name":"TAY-SIR.com","description":"plateforme e-commerce avec financement islamique digital en ligne","publisher":{"@id":"https:\/\/tay-sir.com\/ar\/#organization"},"potentialAction":[{"@type":"SearchAction","target":{"@type":"EntryPoint","urlTemplate":"https:\/\/tay-sir.com\/ar\/?s={search_term_string}"},"query-input":{"@type":"PropertyValueSpecification","valueRequired":true,"valueName":"search_term_string"}}],"inLanguage":"ar"},{"@type":"Organization","@id":"https:\/\/tay-sir.com\/ar\/#organization","name":"Taysir","url":"https:\/\/tay-sir.com\/ar\/","logo":{"@type":"ImageObject","inLanguage":"ar","@id":"https:\/\/tay-sir.com\/ar\/#\/schema\/logo\/image\/","url":"https:\/\/tay-sir.com\/wp-content\/uploads\/2024\/10\/profil.jpg","contentUrl":"https:\/\/tay-sir.com\/wp-content\/uploads\/2024\/10\/profil.jpg","width":1024,"height":1024,"caption":"Taysir"},"image":{"@id":"https:\/\/tay-sir.com\/ar\/#\/schema\/logo\/image\/"},"sameAs":["https:\/\/www.facebook.com\/profile.php?id=61566201523117","https:\/\/www.tiktok.com\/@taysir31000?fbclid=IwY2xjawFor1xleHRuA2FlbQIxMAABHQqa6Ko0Z_QFAZb-7Bltxo0G0y0YuIXxVxPenEAWDkGyOgZp7D3Bq1oJAA_aem_TiTB-X9kxzhzORQbwqQiYw","https:\/\/www.instagram.com\/taysirfacilite\/"]}]}},"_links":{"self":[{"href":"https:\/\/tay-sir.com\/ar\/wp-json\/wp\/v2\/product\/33613","targetHints":{"allow":["GET"]}}],"collection":[{"href":"https:\/\/tay-sir.com\/ar\/wp-json\/wp\/v2\/product"}],"about":[{"href":"https:\/\/tay-sir.com\/ar\/wp-json\/wp\/v2\/types\/product"}],"replies":[{"embeddable":true,"href":"https:\/\/tay-sir.com\/ar\/wp-json\/wp\/v2\/comments?post=33613"}],"version-history":[{"count":1,"href":"https:\/\/tay-sir.com\/ar\/wp-json\/wp\/v2\/product\/33613\/revisions"}],"predecessor-version":[{"id":33620,"href":"https:\/\/tay-sir.com\/ar\/wp-json\/wp\/v2\/product\/33613\/revisions\/33620"}],"wp:featuredmedia":[{"embeddable":true,"href":"https:\/\/tay-sir.com\/ar\/wp-json\/wp\/v2\/media\/33612"}],"wp:attachment":[{"href":"https:\/\/tay-sir.com\/ar\/wp-json\/wp\/v2\/media?parent=33613"}],"wp:term":[{"taxonomy":"product_brand","embeddable":true,"href":"https:\/\/tay-sir.com\/ar\/wp-json\/wp\/v2\/product_brand?post=33613"},{"taxonomy":"product_cat","embeddable":true,"href":"https:\/\/tay-sir.com\/ar\/wp-json\/wp\/v2\/product_cat?post=33613"},{"taxonomy":"product_tag","embeddable":true,"href":"https:\/\/tay-sir.com\/ar\/wp-json\/wp\/v2\/product_tag?post=33613"}],"curies":[{"name":"wp","href":"https:\/\/api.w.org\/{rel}","templated":true}]}}